{"id":1118,"date":"2024-11-04T16:14:15","date_gmt":"2024-11-04T16:14:15","guid":{"rendered":"https:\/\/www.bullebleue.ca\/?page_id=1118"},"modified":"2025-11-04T16:00:24","modified_gmt":"2025-11-04T21:00:24","slug":"certifications","status":"publish","type":"page","link":"https:\/\/www.bullebleue.ca\/en\/certifications\/","title":{"rendered":"Certifications"},"content":{"rendered":"<div class=\"wp-block-cover is-light\" style=\"min-height:346px;aspect-ratio:unset;\"><span aria-hidden=\"true\" class=\"wp-block-cover__background has-background-dim-0 has-background-dim\"><\/span><div class=\"wp-block-cover__inner-container is-layout-constrained wp-block-cover-is-layout-constrained\">\n<h1 class=\"wp-block-heading has-text-align-left has-ast-global-color-7-color has-text-color has-link-color wp-elements-0f54bdbed8470868cf9744b59d888659\"><strong>Our commitment to food safety and quality<\/strong><\/h1>\n\n\n\n<p class=\"has-ast-global-color-7-color has-text-color has-link-color wp-elements-ba58ddcfd0d8ce47e78097f3b8251bdb\">At Bulle Bleue, our unwavering commitment to quality, food safety, and consistent supply is reflected in our rigorous production processes and products that meet the highest industry standards, ensuring optimal satisfaction for our customers.<\/p>\n<\/div><\/div>\n\n\n\n<div style=\"height:11px\" aria-hidden=\"true\" class=\"wp-block-spacer\"><\/div>\n\n\n\n<p><\/p>\n\n\n\n<div class=\"wp-block-group is-layout-constrained wp-block-group-is-layout-constrained\">\n<div class=\"wp-block-media-text is-stacked-on-mobile is-vertically-aligned-center is-image-fill-element has-luminous-vivid-amber-background-color has-background\" style=\"padding-top:0;padding-bottom:0;grid-template-columns:48% auto\"><figure class=\"wp-block-media-text__media\"><img loading=\"lazy\" decoding=\"async\" width=\"565\" height=\"468\" src=\"https:\/\/www.bullebleue.ca\/wp-content\/uploads\/2024\/11\/developpement-e1731607810573.png\" alt=\"Bulles fusion sur mesure, fabriqu\u00e9es au Qu\u00e9bec dans notre usine certifi\u00e9e\" class=\"wp-image-2294 size-full\" style=\"object-position:50% 50%\" srcset=\"https:\/\/www.bullebleue.ca\/wp-content\/uploads\/2024\/11\/developpement-e1731607810573.png 565w, https:\/\/www.bullebleue.ca\/wp-content\/uploads\/2024\/11\/developpement-e1731607810573-300x248.png 300w, https:\/\/www.bullebleue.ca\/wp-content\/uploads\/2024\/11\/developpement-e1731607810573-14x12.png 14w\" sizes=\"auto, (max-width: 565px) 100vw, 565px\" \/><\/figure><div class=\"wp-block-media-text__content\">\n<h3 class=\"wp-block-heading has-ast-global-color-7-color has-text-color has-link-color wp-elements-da224927383e676c529a8eb2ce784f39\"><strong>Our certifications<\/strong><\/h3>\n\n\n\n<p class=\"has-ast-global-color-7-color has-text-color has-link-color wp-elements-29967534ca641fc5faabd3ef0a31c20f\">Bulle Bleue is SQF (GFSI) certified, ensuring that all our products meet the highest food safety standards. Every step of our production process is rigorously tested and documented to guarantee the quality and safety of our products.<\/p>\n\n\n\n<p class=\"has-ast-global-color-7-color has-text-color has-link-color wp-elements-b65a24f6a199ba363ecc7b48b1387720\">Our products are manufactured in Canada, adhering to the highest quality and food safety standards, addressing physical, chemical, and biological risks. We implement a rigorous prevention program at every stage of production, including ingredient receipt, foreign body prevention, allergen management, traceability, employee training, and laboratory analysis of finished products.<\/p>\n<\/div><\/div>\n<\/div>","protected":false},"excerpt":{"rendered":"<p>Nos certifications Bulle Bleue est certifi\u00e9 SQF (GFSI), garantissant ainsi que tous nos produits r\u00e9pondent aux normes les plus strictes [&hellip;]<\/p>\n","protected":false},"author":1,"featured_media":0,"parent":0,"menu_order":0,"comment_status":"closed","ping_status":"closed","template":"","meta":{"site-sidebar-layout":"default","site-content-layout":"","ast-site-content-layout":"","site-content-style":"default","site-sidebar-style":"default","ast-global-header-display":"","ast-banner-title-visibility":"","ast-main-header-display":"","ast-hfb-above-header-display":"","ast-hfb-below-header-display":"","ast-hfb-mobile-header-display":"","site-post-title":"disabled","ast-breadcrumbs-content":"","ast-featured-img":"","footer-sml-layout":"","theme-transparent-header-meta":"","adv-header-id-meta":"","stick-header-meta":"","header-above-stick-meta":"","header-main-stick-meta":"","header-below-stick-meta":"","astra-migrate-meta-layouts":"default","ast-page-background-enabled":"default","ast-page-background-meta":{"desktop":{"background-color":"var(--ast-global-color-4)","background-image":"","background-repeat":"repeat","background-position":"center center","background-size":"auto","background-attachment":"scroll","background-type":"","background-media":"","overlay-type":"","overlay-color":"","overlay-opacity":"","overlay-gradient":""},"tablet":{"background-color":"","background-image":"","background-repeat":"repeat","background-position":"center center","background-size":"auto","background-attachment":"scroll","background-type":"","background-media":"","overlay-type":"","overlay-color":"","overlay-opacity":"","overlay-gradient":""},"mobile":{"background-color":"","background-image":"","background-repeat":"repeat","background-position":"center center","background-size":"auto","background-attachment":"scroll","background-type":"","background-media":"","overlay-type":"","overlay-color":"","overlay-opacity":"","overlay-gradient":""}},"ast-content-background-meta":{"desktop":{"background-color":"var(--ast-global-color-5)","background-image":"","background-repeat":"repeat","background-position":"center center","background-size":"auto","background-attachment":"scroll","background-type":"","background-media":"","overlay-type":"","overlay-color":"","overlay-opacity":"","overlay-gradient":""},"tablet":{"background-color":"var(--ast-global-color-5)","background-image":"","background-repeat":"repeat","background-position":"center center","background-size":"auto","background-attachment":"scroll","background-type":"","background-media":"","overlay-type":"","overlay-color":"","overlay-opacity":"","overlay-gradient":""},"mobile":{"background-color":"var(--ast-global-color-5)","background-image":"","background-repeat":"repeat","background-position":"center center","background-size":"auto","background-attachment":"scroll","background-type":"","background-media":"","overlay-type":"","overlay-color":"","overlay-opacity":"","overlay-gradient":""}},"footnotes":""},"class_list":["post-1118","page","type-page","status-publish","hentry"],"_links":{"self":[{"href":"https:\/\/www.bullebleue.ca\/en\/wp-json\/wp\/v2\/pages\/1118","targetHints":{"allow":["GET"]}}],"collection":[{"href":"https:\/\/www.bullebleue.ca\/en\/wp-json\/wp\/v2\/pages"}],"about":[{"href":"https:\/\/www.bullebleue.ca\/en\/wp-json\/wp\/v2\/types\/page"}],"author":[{"embeddable":true,"href":"https:\/\/www.bullebleue.ca\/en\/wp-json\/wp\/v2\/users\/1"}],"replies":[{"embeddable":true,"href":"https:\/\/www.bullebleue.ca\/en\/wp-json\/wp\/v2\/comments?post=1118"}],"version-history":[{"count":10,"href":"https:\/\/www.bullebleue.ca\/en\/wp-json\/wp\/v2\/pages\/1118\/revisions"}],"predecessor-version":[{"id":2914,"href":"https:\/\/www.bullebleue.ca\/en\/wp-json\/wp\/v2\/pages\/1118\/revisions\/2914"}],"wp:attachment":[{"href":"https:\/\/www.bullebleue.ca\/en\/wp-json\/wp\/v2\/media?parent=1118"}],"curies":[{"name":"wp","href":"https:\/\/api.w.org\/{rel}","templated":true}]}}