{"id":2203,"date":"2024-11-13T15:52:22","date_gmt":"2024-11-13T15:52:22","guid":{"rendered":"https:\/\/www.bullebleue.ca\/?page_id=2203"},"modified":"2024-11-14T17:00:14","modified_gmt":"2024-11-14T17:00:14","slug":"politique-de-cookies","status":"publish","type":"page","link":"https:\/\/www.bullebleue.ca\/en\/politique-de-cookies\/","title":{"rendered":"Cookies policy"},"content":{"rendered":"<div class=\"wp-block-columns is-layout-flex wp-container-core-columns-is-layout-28f84493 wp-block-columns-is-layout-flex\">\n<div class=\"wp-block-column is-layout-flow wp-block-column-is-layout-flow\" style=\"flex-basis:100%\">\n<div class=\"wp-block-group is-layout-constrained wp-block-group-is-layout-constrained\">\n<h1 class=\"wp-block-heading has-text-align-left has-ast-global-color-3-color has-text-color has-link-color wp-elements-12fb3243abac91493b77bc5c74c235d1\"><strong>Cookies policy<\/strong><\/h1>\n\n\n\n<p class=\"has-ast-global-color-3-color has-text-color has-link-color wp-elements-a76af1e98dcb32d7f42a4a421acf1f25\">This page was last edited on November 13, 2024 and applies to citizens and legal permanent residents of Canada.<\/p>\n\n\n\n<p><strong>1. Introduction<\/strong><\/p>\n\n\n\n<p>Our website, www.bullebleue.ca (hereinafter: \u201cthe Website\u201d) uses cookies and other related technologies (for convenience, all technologies are referred to as \u201ccookies\u201d). Cookies are also placed by third parties engaged by us. In the document below we inform you about the use of cookies on our website.<\/p>\n\n\n\n<p><strong>2. What are cookies?<\/strong><\/p>\n\n\n\n<p>A cookie is a small, simple file sent with the pages of this website and stored by your browser on the hard drive of your computer or other device. The information stored there may be returned to our servers or to the servers of the third parties concerned during a subsequent visit.<\/p>\n\n\n\n<p><strong>3. What are scripts?<\/strong><\/p>\n\n\n\n<p>A script is a piece of program code used to make our website work correctly and interactively. This code is executed on our server or on your device.<\/p>\n\n\n\n<p><strong>4. What is a web beacon?<\/strong><\/p>\n\n\n\n<p>A web beacon (or pixel tag) is a small, invisible piece of text or image on a website that is used to monitor traffic to a website. To do this, various data about you are stored using web beacons.<\/p>\n\n\n\n<p><strong>5. Third parties<\/strong><\/p>\n\n\n\n<p>We have entered into agreements regarding the use of cookies with other companies that place cookies. However, we cannot guarantee that these third parties process your personal data reliably or securely. Parties such as Google should be considered independent data controllers. We recommend that you read the privacy statements of these companies.<\/p>\n\n\n\n<p><strong>6. Cookies<\/strong><\/p>\n\n\n\n<p><strong>6.1 Technical or functional cookies<\/strong><\/p>\n\n\n\n<p>Some cookies ensure that certain parts of the website function correctly and that your user preferences remain known. By placing functional cookies, we make it easier for you to visit our website. This way you do not need to enter the same information multiple times when you visit our website.&nbsp;&nbsp;<\/p>\n\n\n\n<p><strong>6.2 Marketing\/tracking cookies<\/strong><\/p>\n\n\n\n<p>Marketing\/tracking cookies are cookies or other forms of local storage, used to create user profiles in order to display advertising or to track the user across this website or across websites for purposes similar marketing.<\/p>\n\n\n\n<p><strong>6.3 Social media<\/strong><\/p>\n\n\n\n<p>On our website, we have included content from social networks like Facebook and LinkedIn. This content is integrated with code derived from Facebook and LinkedIn and places cookies. This content may store and process certain information for personalized advertising purposes.<\/p>\n\n\n\n<p>Please read the privacy statement of these social networks to find out what they do with your data that they process using these cookies.<\/p>\n\n\n\n<p><strong>7. Cookies placed<\/strong><\/p>\n\n\n\n<div class=\"wp-block-gutena-accordion gutena-accordion-block gutena-accordion-block-9f799d-5e is-layout-flow wp-block-gutena-accordion-is-layout-flow\" data-single=\"false\">\n<div class=\"wp-block-gutena-accordion-panel gutena-accordion-block__panel\">\n<div class=\"wp-block-gutena-accordion-panel-title gutena-accordion-block__panel-title\"><div class=\"gutena-accordion-block__panel-title-inner\">\n<h6 class=\"wp-block-heading has-text-align-left\" style=\"margin-top:0px;margin-right:0px;margin-bottom:0px;margin-left:0px\">WordPress<\/h6>\n<div class=\"trigger-plus-minus\"><div class=\"horizontal\"><\/div><div class=\"vertical\"><\/div><\/div><\/div><\/div>\n\n\n\n<div class=\"wp-block-gutena-accordion-panel-content gutena-accordion-block__panel-content\"><div class=\"gutena-accordion-block__panel-content-inner\">\n<p style=\"margin-top:0;margin-bottom:0\">Functional: WordPress Service Consent<\/p>\n\n\n\n<p>Usage: We use WordPress for website development<\/p>\n\n\n\n<p style=\"margin-top:0;margin-bottom:0\">Share data: This data is not shared with third parties.<\/p>\n<\/div><\/div>\n<\/div>\n\n\n\n<div class=\"wp-block-gutena-accordion-panel gutena-accordion-block__panel\">\n<div class=\"wp-block-gutena-accordion-panel-title gutena-accordion-block__panel-title\"><div class=\"gutena-accordion-block__panel-title-inner\">\n<h6 class=\"wp-block-heading has-text-align-left\" style=\"margin-top:0px;margin-right:0px;margin-bottom:0px;margin-left:0px\">Facebook<\/h6>\n<div class=\"trigger-plus-minus\"><div class=\"horizontal\"><\/div><div class=\"vertical\"><\/div><\/div><\/div><\/div>\n\n\n\n<div class=\"wp-block-gutena-accordion-panel-content gutena-accordion-block__panel-content\"><div class=\"gutena-accordion-block__panel-content-inner\">\n<p style=\"margin-top:0;margin-bottom:0\">Functional: Facebook Service Consent<\/p>\n\n\n\n<p>Usage: We use Facebook to display recent social posts and\/or social sharing buttons.&nbsp;<\/p>\n\n\n\n<p style=\"margin-top:0;margin-bottom:0\">Sharing data: For more information, please read Facebook's privacy statement<\/p>\n<\/div><\/div>\n<\/div>\n\n\n\n<div class=\"wp-block-gutena-accordion-panel gutena-accordion-block__panel\">\n<div class=\"wp-block-gutena-accordion-panel-title gutena-accordion-block__panel-title\"><div class=\"gutena-accordion-block__panel-title-inner\">\n<h6 class=\"wp-block-heading has-text-align-left\" style=\"margin-top:0px;margin-right:0px;margin-bottom:0px;margin-left:0px\">LinkedIn<\/h6>\n<div class=\"trigger-plus-minus\"><div class=\"horizontal\"><\/div><div class=\"vertical\"><\/div><\/div><\/div><\/div>\n\n\n\n<div class=\"wp-block-gutena-accordion-panel-content gutena-accordion-block__panel-content\"><div class=\"gutena-accordion-block__panel-content-inner\">\n<p style=\"margin-top:0;margin-bottom:0\">Functional: Linkedin Service Consent<\/p>\n\n\n\n<p>Usage: Nous utilisons Linkedin pour afficher les publications sociales r\u00e9centes et\/ou les boutons de partage social.&nbsp;<\/p>\n\n\n\n<p style=\"margin-top:0;margin-bottom:0\">Sharing data: For more information, please read the LinkedIn privacy statement.<\/p>\n<\/div><\/div>\n<\/div>\n<\/div>\n\n\n\n<p><strong>8. Consentment<\/strong><\/p>\n\n\n\n<p>When you visit our website for the first time, we will show you a pop-up window with an explanation about cookies. As soon as you click \"Accept\", you consent to our use of all cookies and plug-ins as described in the pop-up and in this Cookie Policy. You can disable the use of cookies through your browser, but please note that our website may no longer function properly.<\/p>\n\n\n\n<p><strong>8.1 Manage your consent settings<\/strong><\/p>\n\n\n\n<p>You can use the consent management button at the bottom right of the page.<\/p>\n\n\n\n<p>You can also disable the use of cookies through your browser, but please note that our website may no longer function properly.<\/p>\n\n\n\n<p><strong>9. Activation\/deactivation and deletion of cookies<\/strong><\/p>\n\n\n\n<p>You can use your Internet browser to automatically or manually delete cookies. You can also specify that certain cookies cannot be placed. Another option is to change your Internet browser settings so that you receive a message each time a cookie is placed. Please note that our website may not function properly if all cookies are disabled. If you delete cookies in your browser, they will be placed again after your consent when you visit our website again.<\/p>\n\n\n\n<p><strong>10. Your rights regarding personal data<\/strong><\/p>\n\n\n\n<p>You have the following rights regarding your personal data:<\/p>\n\n\n\n<p>you can submit a request for access to the data we process about you;<\/p>\n\n\n\n<p>you can object to the processing;<\/p>\n\n\n\n<p>you can request an overview, in a commonly used format, of the data we process about you;<\/p>\n\n\n\n<p>you can request correction or deletion of the data whether or not it is incorrect or no longer relevant. If applicable, the modified information will be transmitted to third parties having access to the information in question.<\/p>\n\n\n\n<p>You have the right to withdraw your consent at any time, subject to legal or contractual restrictions and reasonable notice. You will be informed of the implications of such withdrawal.<\/p>\n\n\n\n<p>You have the right to complain about non-compliance with PIPEDA and to our organization and, if the issue is not resolved, to the Office of the Privacy Commissioner of Canada.<\/p>\n\n\n\n<p>To exercise these rights, please contact us.<\/p>\n\n\n\n<p><strong>11. Contact details<\/strong><\/p>\n\n\n\n<p>If you have any questions and\/or comments regarding our cookie policy and this statement, please contact us using the following contact details:<\/p>\n\n\n\n<p>La Bulle Bleue Inc.<\/p>\n\n\n\n<p>125 rue Henry Wheeler, Windsor, Qc, Canada<\/p>\n\n\n\n<p class=\"has-ast-global-color-0-color has-text-color has-link-color wp-elements-10c85ba9f74d450d40ccd15e7217e8cc\">Courriel : gabriellegirardvallee@bullebleue.ca<\/p>\n\n\n\n<p class=\"has-luminous-vivid-orange-color has-text-color has-link-color wp-elements-4a8b107ba93e06aa5fa23c496fc10a3e\"><\/p>\n<\/div>\n<\/div>\n<\/div>\n\n\n\n<div class=\"wp-block-cover alignfull is-light\" style=\"min-height:157px;aspect-ratio:unset;\"><span aria-hidden=\"true\" class=\"wp-block-cover__background has-background-dim-0 has-background-dim\" style=\"background-color:#e97f80\"><\/span><img loading=\"lazy\" decoding=\"async\" width=\"2500\" height=\"349\" class=\"wp-block-cover__image-background wp-image-1940\" alt=\"\" src=\"https:\/\/www.bullebleue.ca\/wp-content\/uploads\/2024\/11\/bande-logo-degradee.jpg\" data-object-fit=\"cover\" srcset=\"https:\/\/www.bullebleue.ca\/wp-content\/uploads\/2024\/11\/bande-logo-degradee.jpg 2500w, https:\/\/www.bullebleue.ca\/wp-content\/uploads\/2024\/11\/bande-logo-degradee-300x42.jpg 300w, https:\/\/www.bullebleue.ca\/wp-content\/uploads\/2024\/11\/bande-logo-degradee-1024x143.jpg 1024w, https:\/\/www.bullebleue.ca\/wp-content\/uploads\/2024\/11\/bande-logo-degradee-768x107.jpg 768w, https:\/\/www.bullebleue.ca\/wp-content\/uploads\/2024\/11\/bande-logo-degradee-1536x214.jpg 1536w, https:\/\/www.bullebleue.ca\/wp-content\/uploads\/2024\/11\/bande-logo-degradee-2048x286.jpg 2048w\" sizes=\"auto, (max-width: 2500px) 100vw, 2500px\" \/><div class=\"wp-block-cover__inner-container is-layout-constrained wp-block-cover-is-layout-constrained\">\n<p class=\"has-text-align-center has-large-font-size\"><\/p>\n<\/div><\/div>","protected":false},"excerpt":{"rendered":"<p>Politique de cookies Cette page a \u00e9t\u00e9 modifi\u00e9e pour la derni\u00e8re fois le 13 novembre 2024 et s&rsquo;applique aux citoyens [&hellip;]<\/p>\n","protected":false},"author":1,"featured_media":0,"parent":0,"menu_order":0,"comment_status":"closed","ping_status":"closed","template":"","meta":{"site-sidebar-layout":"default","site-content-layout":"","ast-site-content-layout":"","site-content-style":"default","site-sidebar-style":"default","ast-global-header-display":"","ast-banner-title-visibility":"","ast-main-header-display":"","ast-hfb-above-header-display":"","ast-hfb-below-header-display":"","ast-hfb-mobile-header-display":"","site-post-title":"disabled","ast-breadcrumbs-content":"","ast-featured-img":"","footer-sml-layout":"","theme-transparent-header-meta":"","adv-header-id-meta":"","stick-header-meta":"","header-above-stick-meta":"","header-main-stick-meta":"","header-below-stick-meta":"","astra-migrate-meta-layouts":"default","ast-page-background-enabled":"default","ast-page-background-meta":{"desktop":{"background-color":"var(--ast-global-color-4)","background-image":"","background-repeat":"repeat","background-position":"center center","background-size":"auto","background-attachment":"scroll","background-type":"","background-media":"","overlay-type":"","overlay-color":"","overlay-opacity":"","overlay-gradient":""},"tablet":{"background-color":"","background-image":"","background-repeat":"repeat","background-position":"center center","background-size":"auto","background-attachment":"scroll","background-type":"","background-media":"","overlay-type":"","overlay-color":"","overlay-opacity":"","overlay-gradient":""},"mobile":{"background-color":"","background-image":"","background-repeat":"repeat","background-position":"center center","background-size":"auto","background-attachment":"scroll","background-type":"","background-media":"","overlay-type":"","overlay-color":"","overlay-opacity":"","overlay-gradient":""}},"ast-content-background-meta":{"desktop":{"background-color":"var(--ast-global-color-5)","background-image":"","background-repeat":"repeat","background-position":"center center","background-size":"auto","background-attachment":"scroll","background-type":"","background-media":"","overlay-type":"","overlay-color":"","overlay-opacity":"","overlay-gradient":""},"tablet":{"background-color":"var(--ast-global-color-5)","background-image":"","background-repeat":"repeat","background-position":"center center","background-size":"auto","background-attachment":"scroll","background-type":"","background-media":"","overlay-type":"","overlay-color":"","overlay-opacity":"","overlay-gradient":""},"mobile":{"background-color":"var(--ast-global-color-5)","background-image":"","background-repeat":"repeat","background-position":"center center","background-size":"auto","background-attachment":"scroll","background-type":"","background-media":"","overlay-type":"","overlay-color":"","overlay-opacity":"","overlay-gradient":""}},"footnotes":""},"class_list":["post-2203","page","type-page","status-publish","hentry"],"_links":{"self":[{"href":"https:\/\/www.bullebleue.ca\/en\/wp-json\/wp\/v2\/pages\/2203","targetHints":{"allow":["GET"]}}],"collection":[{"href":"https:\/\/www.bullebleue.ca\/en\/wp-json\/wp\/v2\/pages"}],"about":[{"href":"https:\/\/www.bullebleue.ca\/en\/wp-json\/wp\/v2\/types\/page"}],"author":[{"embeddable":true,"href":"https:\/\/www.bullebleue.ca\/en\/wp-json\/wp\/v2\/users\/1"}],"replies":[{"embeddable":true,"href":"https:\/\/www.bullebleue.ca\/en\/wp-json\/wp\/v2\/comments?post=2203"}],"version-history":[{"count":9,"href":"https:\/\/www.bullebleue.ca\/en\/wp-json\/wp\/v2\/pages\/2203\/revisions"}],"predecessor-version":[{"id":2287,"href":"https:\/\/www.bullebleue.ca\/en\/wp-json\/wp\/v2\/pages\/2203\/revisions\/2287"}],"wp:attachment":[{"href":"https:\/\/www.bullebleue.ca\/en\/wp-json\/wp\/v2\/media?parent=2203"}],"curies":[{"name":"wp","href":"https:\/\/api.w.org\/{rel}","templated":true}]}}