{"id":3023,"date":"2026-02-28T15:08:34","date_gmt":"2026-02-28T20:08:34","guid":{"rendered":"https:\/\/www.bullebleue.ca\/?page_id=3023"},"modified":"2026-03-04T22:35:01","modified_gmt":"2026-03-05T03:35:01","slug":"concours","status":"publish","type":"page","link":"https:\/\/www.bullebleue.ca\/en\/concours\/","title":{"rendered":"R\u00c8GLEMENT DU CONCOURS \u00ab GAGNE TON \u00c9T\u00c9 EN BULLES \u00bb"},"content":{"rendered":"<h1 class=\"wp-block-heading\" style=\"padding-top:var(--wp--preset--spacing--80);padding-right:var(--wp--preset--spacing--80);padding-bottom:var(--wp--preset--spacing--80);padding-left:var(--wp--preset--spacing--80)\"><strong>R\u00c8GLEMENT DU CONCOURS \u00ab GAGNE TON \u00c9T\u00c9 EN BULLES \u00bb<\/strong><\/h1>\n\n\n\n<p style=\"border-style:none;border-width:0px\"><\/p>\n\n\n\n<h3 class=\"wp-block-heading\" style=\"border-top-left-radius:0px;border-top-right-radius:0px;border-bottom-left-radius:0px;border-bottom-right-radius:0px;margin-top:0;margin-right:0;margin-bottom:0;margin-left:0;padding-right:var(--wp--preset--spacing--80);padding-left:var(--wp--preset--spacing--80)\"><strong>1. DUR\u00c9E DU CONCOURS<\/strong><\/h3>\n\n\n\n<p style=\"padding-right:var(--wp--preset--spacing--80);padding-left:var(--wp--preset--spacing--80)\">Le concours \u00ab Gagne ton \u00e9t\u00e9 en bulles \u00bb (ci-apr\u00e8s le \u00ab Concours \u00bb) est organis\u00e9 par <strong>Bulle Bleue Inc.<\/strong> (ci-apr\u00e8s l\u2019\u00ab Organisateur \u00bb). Le Concours d\u00e9bute le <strong>3er mars 2026<\/strong> et se termine le <strong>31 mars 2026<\/strong>. Le tirage au sort sera effectu\u00e9 le <strong>31 mars 2026 \u00e0 9h00 (HNE)<\/strong> au si\u00e8ge social de l&rsquo;Organisateur.<\/p>\n\n\n\n<h3 class=\"wp-block-heading\" style=\"padding-right:var(--wp--preset--spacing--80);padding-left:var(--wp--preset--spacing--80)\"><strong>2. \u00c9LIGIBILIT\u00c9<\/strong><\/h3>\n\n\n\n<p style=\"padding-right:var(--wp--preset--spacing--80);padding-left:var(--wp--preset--spacing--80)\">Le Concours s\u2019adresse exclusivement aux r\u00e9sidents et aux entreprises d\u00fbment constitu\u00e9es au <strong>Qu\u00e9bec<\/strong> uniquement.<\/p>\n\n\n\n<p style=\"padding-right:var(--wp--preset--spacing--80);padding-left:var(--wp--preset--spacing--80)\"><strong>2.1 Restrictions :<\/strong> Ne sont pas admissibles les employ\u00e9s, agents et repr\u00e9sentants de l\u2019Organisateur, ainsi que les membres de leur famille imm\u00e9diate. Sont \u00e9galement <strong>exclus<\/strong> :<\/p>\n\n\n\n<p style=\"padding-right:var(--wp--preset--spacing--80);padding-left:var(--wp--preset--spacing--80)\">&#8211; Les franchises sous l&rsquo;enseigne <strong>Frank N Tea<\/strong>.<br>&#8211; Les distributeurs de perles \u00e9clatantes.<br>&#8211; Les particuliers ne sont pas \u00e9ligibles au volet \u00ab Entreprise \u00bb du concours.<\/p>\n\n\n\n<h3 class=\"wp-block-heading\" style=\"padding-right:var(--wp--preset--spacing--80);padding-left:var(--wp--preset--spacing--80)\"><strong>3. COMMENT PARTICIPER<\/strong><\/h3>\n\n\n\n<p style=\"padding-right:var(--wp--preset--spacing--80);padding-left:var(--wp--preset--spacing--80)\"><strong>Aucun achat n&rsquo;est requis pour participer.<\/strong><\/p>\n\n\n\n<p style=\"padding-right:var(--wp--preset--spacing--80);padding-left:var(--wp--preset--spacing--80)\"><strong>3.1 Volet Consommateurs :<\/strong> Pour \u00eatre admissible, un consommateur doit nominer une entreprise (un \u00e9tablissement physique ou de service) qui utilise d\u00e9j\u00e0 des perles \u00e9clatantes ou qu&rsquo;il aimerait voir utiliser des perles \u00e9clatantes.&nbsp;<\/p>\n\n\n\n<p style=\"padding-right:var(--wp--preset--spacing--80);padding-left:var(--wp--preset--spacing--80)\"><strong>3.2 Volet Entreprises :<\/strong> L\u2019entreprise doit remplir le formulaire de participation officiel disponible sur le site Web de l&rsquo;Organisateur. Les entreprises s&rsquo;approvisionnant via un distributeur autoris\u00e9 de Bulle Bleue sont admissibles au m\u00eame titre que les clients directs. <a href=\"https:\/\/docs.google.com\/forms\/d\/e\/1FAIpQLSdlSaG8YFCLegU1ux0a5XGSfuTqnUpsFk_Z_f44h7Ka7gpk9w\/viewform?usp=publish-editor\" data-type=\"link\" data-id=\"https:\/\/docs.google.com\/forms\/d\/e\/1FAIpQLSdlSaG8YFCLegU1ux0a5XGSfuTqnUpsFk_Z_f44h7Ka7gpk9w\/viewform?usp=publish-editor\">Formulaire pour l&rsquo;inscription du concours : Gagne ton \u00e9t\u00e9 en Bulles&nbsp;<\/a><\/p>\n\n\n\n<h3 class=\"wp-block-heading\" style=\"padding-right:var(--wp--preset--spacing--80);padding-left:var(--wp--preset--spacing--80)\"><strong>4. PRIX ET VALEUR DES PRIX<\/strong><\/h3>\n\n\n\n<p style=\"padding-right:var(--wp--preset--spacing--80);padding-left:var(--wp--preset--spacing--80)\">Les prix suivants seront attribu\u00e9s (valeur totale de 1 600 $ CA) :<\/p>\n\n\n\n<p style=\"padding-right:var(--wp--preset--spacing--80);padding-left:var(--wp--preset--spacing--80)\">&#8211; <strong>Prix Consommateurs :<\/strong> Deux (2) prix consistant \u00e0 un ensemble de 3 pots de saveurs vari\u00e9es de perles \u00e9clatantes en format 500 g, 2 verre \u00e0 bubble tea, 5 pailles et 2 sachets de poudre sans sucre d&rsquo;une valeur de <strong>50 $<\/strong> (valeur totale de 100 $).<br>&#8211; <strong>Grand Prix Entreprise :<\/strong> Un (1) prix \u00ab Gagne ton \u00e9t\u00e9 en bulles \u00bb d&rsquo;une valeur marchande de <strong>1 500 $<\/strong> en perles \u00e9clatantes. Le prix est applicable uniquement sur les perles \u00e9clatantes de marque Bulle Bleue.&nbsp;<\/p>\n\n\n\n<p style=\"padding-right:var(--wp--preset--spacing--80);padding-left:var(--wp--preset--spacing--80)\">4.1 <strong>Conditions suppl\u00e9mentaires<\/strong> :<\/p>\n\n\n\n<p style=\"padding-right:var(--wp--preset--spacing--80);padding-left:var(--wp--preset--spacing--80)\">a) Le prix n&rsquo;est ni \u00e9changeable contre de l&rsquo;argent comptant, ni remboursable, ni transf\u00e9rable, ni \u00e9changeable \u00e0 une autre entit\u00e9 ou individu.&nbsp;<\/p>\n\n\n\n<p style=\"padding-right:var(--wp--preset--spacing--80);padding-left:var(--wp--preset--spacing--80)\">b) Le gagnant reconna\u00eet que l&rsquo;organisateur du concours d\u00e9tient tous les droits sur les photos et les vid\u00e9os et peut utiliser ce contenu \u00e0 des fins de marketing, promotionnelles ou \u00e9ditoriales.<\/p>\n\n\n\n<h3 class=\"wp-block-heading\" style=\"padding-right:var(--wp--preset--spacing--80);padding-left:var(--wp--preset--spacing--80)\"><strong>5. D\u00c9SIGNATION DES GAGNANTS<\/strong><\/h3>\n\n\n\n<p style=\"padding-right:var(--wp--preset--spacing--80);padding-left:var(--wp--preset--spacing--80)\"><strong>5.1 Volet Consommateurs : <\/strong>Le tirage au sort sera effectu\u00e9 de fa\u00e7on al\u00e9atoire parmi toutes les inscriptions admissibles re\u00e7ues pendant la p\u00e9riode du Concours. Les gagnants seront contact\u00e9s via Facebook dans les quarante-huit (48) heures suivant le tirage.<\/p>\n\n\n\n<p style=\"padding-right:var(--wp--preset--spacing--80);padding-left:var(--wp--preset--spacing--80)\"><strong>5.2 Volet Entreprises: <\/strong>Le tirage au sort sera effectu\u00e9 de fa\u00e7on al\u00e9atoire parmi toutes les inscriptions admissibles re\u00e7ues pendant la p\u00e9riode du Concours. Les gagnants seront contact\u00e9s par t\u00e9l\u00e9phone et courriel dans les quarante-huit (48) heures suivant le tirage.<\/p>\n\n\n\n<h3 class=\"wp-block-heading\" style=\"padding-right:var(--wp--preset--spacing--80);padding-left:var(--wp--preset--spacing--80)\"><strong>6. CONDITIONS G\u00c9N\u00c9RALES<\/strong><\/h3>\n\n\n\n<p style=\"padding-right:var(--wp--preset--spacing--80);padding-left:var(--wp--preset--spacing--80)\"><strong>6.1 Acceptation du prix :<\/strong> Les prix doivent \u00eatre accept\u00e9s tels que d\u00e9cern\u00e9s et ne peuvent \u00eatre transf\u00e9r\u00e9s, c\u00e9d\u00e9s ou \u00e9chang\u00e9s contre de l&rsquo;argent.&nbsp;<\/p>\n\n\n\n<p style=\"padding-right:var(--wp--preset--spacing--80);padding-left:var(--wp--preset--spacing--80)\"><strong>6.2 Modalit\u00e9s et exceptions :<\/strong> L&rsquo;Organisateur se r\u00e9serve le droit d&rsquo;appliquer des exceptions aux conditions de livraison standard dans certains cas particuliers, tels que les zones \u00e9loign\u00e9es ou les articles de format hors norme.<\/p>\n\n\n\n<p style=\"padding-right:var(--wp--preset--spacing--80);padding-left:var(--wp--preset--spacing--80)\"><strong>6.3 Question d&rsquo;arithm\u00e9tique :<\/strong> Pour \u00eatre d\u00e9clar\u00e9 gagnant, chaque participant s\u00e9lectionn\u00e9 devra r\u00e9pondre correctement \u00e0 une question d&rsquo;arithm\u00e9tique pos\u00e9e par l&rsquo;Organisateur.\u00a0<\/p>\n\n\n\n<p style=\"padding-right:var(--wp--preset--spacing--80);padding-left:var(--wp--preset--spacing--80)\"><strong>6.4 Litiges :<\/strong> Tout diff\u00e9rend quant \u00e0 l&rsquo;organisation ou \u00e0 la conduite d&rsquo;un concours publicitaire peut \u00eatre soumis \u00e0 la R\u00e9gie des alcools, des courses et des jeux afin qu&rsquo;il soit tranch\u00e9.<\/p>","protected":false},"excerpt":{"rendered":"<p>R\u00c8GLEMENT DU CONCOURS \u00ab GAGNE TON \u00c9T\u00c9 EN BULLES \u00bb 1. DUR\u00c9E DU CONCOURS Le concours \u00ab Gagne ton \u00e9t\u00e9 [&hellip;]<\/p>\n","protected":false},"author":1,"featured_media":0,"parent":0,"menu_order":0,"comment_status":"closed","ping_status":"closed","template":"","meta":{"site-sidebar-layout":"default","site-content-layout":"","ast-site-content-layout":"","site-content-style":"default","site-sidebar-style":"default","ast-global-header-display":"","ast-banner-title-visibility":"","ast-main-header-display":"","ast-hfb-above-header-display":"","ast-hfb-below-header-display":"","ast-hfb-mobile-header-display":"","site-post-title":"disabled","ast-breadcrumbs-content":"","ast-featured-img":"","footer-sml-layout":"","theme-transparent-header-meta":"","adv-header-id-meta":"","stick-header-meta":"","header-above-stick-meta":"","header-main-stick-meta":"","header-below-stick-meta":"","astra-migrate-meta-layouts":"default","ast-page-background-enabled":"default","ast-page-background-meta":{"desktop":{"background-color":"var(--ast-global-color-4)","background-image":"","background-repeat":"repeat","background-position":"center center","background-size":"auto","background-attachment":"scroll","background-type":"","background-media":"","overlay-type":"","overlay-color":"","overlay-opacity":"","overlay-gradient":""},"tablet":{"background-color":"","background-image":"","background-repeat":"repeat","background-position":"center center","background-size":"auto","background-attachment":"scroll","background-type":"","background-media":"","overlay-type":"","overlay-color":"","overlay-opacity":"","overlay-gradient":""},"mobile":{"background-color":"","background-image":"","background-repeat":"repeat","background-position":"center center","background-size":"auto","background-attachment":"scroll","background-type":"","background-media":"","overlay-type":"","overlay-color":"","overlay-opacity":"","overlay-gradient":""}},"ast-content-background-meta":{"desktop":{"background-color":"var(--ast-global-color-5)","background-image":"","background-repeat":"repeat","background-position":"center center","background-size":"auto","background-attachment":"scroll","background-type":"","background-media":"","overlay-type":"","overlay-color":"","overlay-opacity":"","overlay-gradient":""},"tablet":{"background-color":"var(--ast-global-color-5)","background-image":"","background-repeat":"repeat","background-position":"center center","background-size":"auto","background-attachment":"scroll","background-type":"","background-media":"","overlay-type":"","overlay-color":"","overlay-opacity":"","overlay-gradient":""},"mobile":{"background-color":"var(--ast-global-color-5)","background-image":"","background-repeat":"repeat","background-position":"center center","background-size":"auto","background-attachment":"scroll","background-type":"","background-media":"","overlay-type":"","overlay-color":"","overlay-opacity":"","overlay-gradient":""}},"footnotes":""},"class_list":["post-3023","page","type-page","status-publish","hentry"],"_links":{"self":[{"href":"https:\/\/www.bullebleue.ca\/en\/wp-json\/wp\/v2\/pages\/3023","targetHints":{"allow":["GET"]}}],"collection":[{"href":"https:\/\/www.bullebleue.ca\/en\/wp-json\/wp\/v2\/pages"}],"about":[{"href":"https:\/\/www.bullebleue.ca\/en\/wp-json\/wp\/v2\/types\/page"}],"author":[{"embeddable":true,"href":"https:\/\/www.bullebleue.ca\/en\/wp-json\/wp\/v2\/users\/1"}],"replies":[{"embeddable":true,"href":"https:\/\/www.bullebleue.ca\/en\/wp-json\/wp\/v2\/comments?post=3023"}],"version-history":[{"count":9,"href":"https:\/\/www.bullebleue.ca\/en\/wp-json\/wp\/v2\/pages\/3023\/revisions"}],"predecessor-version":[{"id":3045,"href":"https:\/\/www.bullebleue.ca\/en\/wp-json\/wp\/v2\/pages\/3023\/revisions\/3045"}],"wp:attachment":[{"href":"https:\/\/www.bullebleue.ca\/en\/wp-json\/wp\/v2\/media?parent=3023"}],"curies":[{"name":"wp","href":"https:\/\/api.w.org\/{rel}","templated":true}]}}