{"id":3131,"date":"2026-03-24T15:22:46","date_gmt":"2026-03-24T20:22:46","guid":{"rendered":"https:\/\/www.bullebleue.ca\/?page_id=3131"},"modified":"2026-03-24T15:22:49","modified_gmt":"2026-03-24T20:22:49","slug":"merci","status":"publish","type":"page","link":"https:\/\/www.bullebleue.ca\/en\/merci\/","title":{"rendered":""},"content":{"rendered":"\n<div class=\"wp-block-media-text has-media-on-the-right is-stacked-on-mobile has-ast-global-color-7-background-color has-background\" style=\"padding-top:var(--wp--preset--spacing--20)\"><div class=\"wp-block-media-text__content\">\n<h1 class=\"wp-block-heading has-ast-global-color-5-color has-text-color has-link-color wp-elements-874a236ce511370c9ef8edcfed8b6775\">Au plaisir de travailler ensemble.<\/h1>\n\n\n\n<p class=\"has-ast-global-color-5-color has-text-color has-link-color has-medium-font-size wp-elements-d492273cb13145a377b20f4945d95008\"><strong>Merci de nous avoir contact\u00e9s !<\/strong><br><br>Votre message a bien \u00e9t\u00e9 transmis \u00e0 notre \u00e9quipe. Nous appr\u00e9cions l&rsquo;int\u00e9r\u00eat que vous portez \u00e0 nos produits.<br><br>Un membre de notre \u00e9quipe communiquera avec vous personnellement d&rsquo;ici les 24 prochaines heures.<br><br>\u00c0 tr\u00e8s bient\u00f4t !<\/p>\n\n\n\n<div class=\"wp-block-buttons is-layout-flex wp-block-buttons-is-layout-flex\">\n<div class=\"wp-block-button\"><a class=\"wp-block-button__link has-luminous-vivid-amber-background-color has-background wp-element-button\" href=\"https:\/\/www.bullebleue.ca\/nous-joindre\/\">Travaillons ensemble<\/a><\/div>\n<\/div>\n<\/div><figure class=\"wp-block-media-text__media\"><img loading=\"lazy\" decoding=\"async\" width=\"1024\" height=\"1024\" src=\"https:\/\/www.bullebleue.ca\/wp-content\/uploads\/2026\/03\/Bulle-Bleue-Facebook-messenger-lead-3-1024x1024.png\" alt=\"\" class=\"wp-image-3132 size-full\" srcset=\"https:\/\/www.bullebleue.ca\/wp-content\/uploads\/2026\/03\/Bulle-Bleue-Facebook-messenger-lead-3-1024x1024.png 1024w, https:\/\/www.bullebleue.ca\/wp-content\/uploads\/2026\/03\/Bulle-Bleue-Facebook-messenger-lead-3-300x300.png 300w, https:\/\/www.bullebleue.ca\/wp-content\/uploads\/2026\/03\/Bulle-Bleue-Facebook-messenger-lead-3-150x150.png 150w, https:\/\/www.bullebleue.ca\/wp-content\/uploads\/2026\/03\/Bulle-Bleue-Facebook-messenger-lead-3-768x768.png 768w, https:\/\/www.bullebleue.ca\/wp-content\/uploads\/2026\/03\/Bulle-Bleue-Facebook-messenger-lead-3-12x12.png 12w, https:\/\/www.bullebleue.ca\/wp-content\/uploads\/2026\/03\/Bulle-Bleue-Facebook-messenger-lead-3.png 1080w\" sizes=\"auto, (max-width: 1024px) 100vw, 1024px\" \/><\/figure><\/div>\n\n\n\n<p class=\"has-ast-global-color-5-background-color has-background\"><\/p>\n\n\n\n<div class=\"wp-block-cover is-light\"><img decoding=\"async\" class=\"wp-block-cover__image-background wp-image-584\" alt=\"fabrication de bubble tea au Qu\u00e9\u00e9bec\" src=\"https:\/\/www.bullebleue.ca\/wp-content\/uploads\/2024\/10\/P10161391-2-scaled.jpg\" data-object-fit=\"cover\"\/><span aria-hidden=\"true\" class=\"wp-block-cover__background has-background-dim\" style=\"background-color:#958883\"><\/span><div class=\"wp-block-cover__inner-container is-layout-flow wp-block-cover-is-layout-flow\"><div class=\"align wp-block-ilb-icon-list\" id='ilbIconList-1' data-attributes='{&quot;title&quot;:&quot;Notre garantie de qualit\\u00e9&quot;,&quot;desc&quot;:&quot;Entreprise familiale et fabrication canadienne&quot;,&quot;lists&quot;:[{&quot;icon&quot;:{&quot;class&quot;:&quot;fa-solid fa-truck-fast&quot;},&quot;text&quot;:&quot;Rapidit\\u00e9 de mise sur le march\\u00e9\\u00a0&quot;,&quot;link&quot;:&quot;&quot;},{&quot;icon&quot;:{&quot;class&quot;:&quot;fa-solid fa-bullhorn&quot;},&quot;text&quot;:&quot;Parlez directement avec les d\\u00e9cideurs&quot;,&quot;link&quot;:&quot;&quot;},{&quot;icon&quot;:{&quot;class&quot;:&quot;fa-solid fa-clipboard-check&quot;},&quot;text&quot;:&quot;Normes strictes de s\\u00e9curit\\u00e9 alimentaire et formation continue des employ\\u00e9s&quot;,&quot;link&quot;:&quot;&quot;},{&quot;icon&quot;:{&quot;class&quot;:&quot;fa-solid fa-flask-vial&quot;},&quot;text&quot;:&quot;Produits rigoureusement test\\u00e9s en laboratoire et sur le march\\u00e9&quot;,&quot;link&quot;:&quot;&quot;}],&quot;background&quot;:{&quot;color&quot;:&quot;var(--ast-global-color-5)&quot;},&quot;descColor&quot;:&quot;var(--ast-global-color-7)&quot;,&quot;listTextColor&quot;:&quot;var(--ast-global-color-7)&quot;,&quot;align&quot;:&quot;&quot;,&quot;isTitle&quot;:true,&quot;isDesc&quot;:true,&quot;isListLinkInNewTab&quot;:false,&quot;alignment&quot;:&quot;center&quot;,&quot;position&quot;:&quot;left&quot;,&quot;width&quot;:&quot;600px&quot;,&quot;padding&quot;:{&quot;vertical&quot;:&quot;30px&quot;,&quot;horizontal&quot;:&quot;25px&quot;},&quot;border&quot;:[],&quot;shadow&quot;:{&quot;blur&quot;:&quot;10px&quot;,&quot;color&quot;:&quot;#4527a480&quot;},&quot;headerMargin&quot;:{&quot;side&quot;:4,&quot;bottom&quot;:&quot;30px&quot;},&quot;titleTypo&quot;:{&quot;fontSize&quot;:{&quot;desktop&quot;:30,&quot;tablet&quot;:26,&quot;mobile&quot;:22},&quot;fontWeight&quot;:700,&quot;textTransform&quot;:&quot;uppercase&quot;},&quot;titleColor&quot;:&quot;#4527a4&quot;,&quot;descTypo&quot;:{&quot;fontSize&quot;:{&quot;desktop&quot;:18,&quot;tablet&quot;:17,&quot;mobile&quot;:16},&quot;fontWeight&quot;:500},&quot;descriptionTypo&quot;:{&quot;fontSize&quot;:{&quot;desktop&quot;:15,&quot;tablet&quot;:15,&quot;mobile&quot;:15}},&quot;descriptionColor&quot;:&quot;#828282&quot;,&quot;isHeaderSep&quot;:true,&quot;themeOptions&quot;:{&quot;rightIconColor&quot;:&quot;#4527A4&quot;,&quot;isBadge&quot;:true,&quot;isUrlIcon&quot;:false,&quot;isButton&quot;:true,&quot;isMaxWidth&quot;:true},&quot;iconUploadButton&quot;:{&quot;setIconUpload&quot;:&quot;select&quot;},&quot;columns&quot;:{&quot;desktop&quot;:2,&quot;tablet&quot;:2,&quot;mobile&quot;:1},&quot;columnGap&quot;:15,&quot;rowGap&quot;:15,&quot;headerSep&quot;:{&quot;width&quot;:&quot;20%&quot;,&quot;height&quot;:&quot;2px&quot;,&quot;style&quot;:&quot;solid&quot;,&quot;color&quot;:&quot;#828282&quot;},&quot;listIconSize&quot;:22,&quot;uploadListIconSize&quot;:36,&quot;listIconColors&quot;:{&quot;color&quot;:&quot;#fff&quot;,&quot;bg&quot;:&quot;#4527A4&quot;},&quot;theme6Styles&quot;:{&quot;color&quot;:&quot;#fff&quot;,&quot;bg&quot;:&quot;#059669&quot;},&quot;singleIconColor&quot;:{&quot;color&quot;:&quot;#059669&quot;,&quot;animateColor&quot;:&quot;linear-gradient(135deg, #3b82f6, #8b5cf6)&quot;},&quot;listTextTypo&quot;:{&quot;fontSize&quot;:{&quot;desktop&quot;:18,&quot;tablet&quot;:15,&quot;mobile&quot;:15}},&quot;themes&quot;:{&quot;theme&quot;:&quot;default&quot;},&quot;featureTitle&quot;:&quot;Our Features&quot;,&quot;featureTypo&quot;:{&quot;fontSize&quot;:{&quot;desktop&quot;:30,&quot;tablet&quot;:26,&quot;mobile&quot;:22}},&quot;badgeStyles&quot;:{&quot;color&quot;:&quot;#fff&quot;,&quot;bg&quot;:&quot;#4527A4&quot;},&quot;badgeTextTypo&quot;:{&quot;fontSize&quot;:{&quot;desktop&quot;:14,&quot;tablet&quot;:12,&quot;mobile&quot;:10}},&quot;listItemsBgColor&quot;:{&quot;color&quot;:&quot;#0000&quot;},&quot;theme5Styles&quot;:{&quot;iconPulsColor&quot;:&quot;linear-gradient(135deg, #3b82f6, #8b5cf6)&quot;,&quot;iconBgBlur&quot;:&quot;linear-gradient(135deg, #3b82f6, #8b5cf6)&quot;},&quot;TrpContentRestriction&quot;:{&quot;restriction_type&quot;:&quot;exclude&quot;,&quot;selected_languages&quot;:[],&quot;panel_open&quot;:true}}' data-ispremium=\"0\">\r\n<\/div><\/div><\/div>\n\n\n\n<p><\/p>\n","protected":false},"excerpt":{"rendered":"","protected":false},"author":1,"featured_media":0,"parent":0,"menu_order":0,"comment_status":"closed","ping_status":"closed","template":"","meta":{"site-sidebar-layout":"default","site-content-layout":"","ast-site-content-layout":"","site-content-style":"default","site-sidebar-style":"default","ast-global-header-display":"","ast-banner-title-visibility":"","ast-main-header-display":"","ast-hfb-above-header-display":"","ast-hfb-below-header-display":"","ast-hfb-mobile-header-display":"","site-post-title":"","ast-breadcrumbs-content":"","ast-featured-img":"","footer-sml-layout":"","theme-transparent-header-meta":"","adv-header-id-meta":"","stick-header-meta":"","header-above-stick-meta":"","header-main-stick-meta":"","header-below-stick-meta":"","astra-migrate-meta-layouts":"default","ast-page-background-enabled":"default","ast-page-background-meta":{"desktop":{"background-color":"var(--ast-global-color-4)","background-image":"","background-repeat":"repeat","background-position":"center center","background-size":"auto","background-attachment":"scroll","background-type":"","background-media":"","overlay-type":"","overlay-color":"","overlay-opacity":"","overlay-gradient":""},"tablet":{"background-color":"","background-image":"","background-repeat":"repeat","background-position":"center center","background-size":"auto","background-attachment":"scroll","background-type":"","background-media":"","overlay-type":"","overlay-color":"","overlay-opacity":"","overlay-gradient":""},"mobile":{"background-color":"","background-image":"","background-repeat":"repeat","background-position":"center center","background-size":"auto","background-attachment":"scroll","background-type":"","background-media":"","overlay-type":"","overlay-color":"","overlay-opacity":"","overlay-gradient":""}},"ast-content-background-meta":{"desktop":{"background-color":"var(--ast-global-color-5)","background-image":"","background-repeat":"repeat","background-position":"center center","background-size":"auto","background-attachment":"scroll","background-type":"","background-media":"","overlay-type":"","overlay-color":"","overlay-opacity":"","overlay-gradient":""},"tablet":{"background-color":"var(--ast-global-color-5)","background-image":"","background-repeat":"repeat","background-position":"center center","background-size":"auto","background-attachment":"scroll","background-type":"","background-media":"","overlay-type":"","overlay-color":"","overlay-opacity":"","overlay-gradient":""},"mobile":{"background-color":"var(--ast-global-color-5)","background-image":"","background-repeat":"repeat","background-position":"center center","background-size":"auto","background-attachment":"scroll","background-type":"","background-media":"","overlay-type":"","overlay-color":"","overlay-opacity":"","overlay-gradient":""}},"footnotes":""},"class_list":["post-3131","page","type-page","status-publish","hentry"],"_links":{"self":[{"href":"https:\/\/www.bullebleue.ca\/en\/wp-json\/wp\/v2\/pages\/3131","targetHints":{"allow":["GET"]}}],"collection":[{"href":"https:\/\/www.bullebleue.ca\/en\/wp-json\/wp\/v2\/pages"}],"about":[{"href":"https:\/\/www.bullebleue.ca\/en\/wp-json\/wp\/v2\/types\/page"}],"author":[{"embeddable":true,"href":"https:\/\/www.bullebleue.ca\/en\/wp-json\/wp\/v2\/users\/1"}],"replies":[{"embeddable":true,"href":"https:\/\/www.bullebleue.ca\/en\/wp-json\/wp\/v2\/comments?post=3131"}],"version-history":[{"count":1,"href":"https:\/\/www.bullebleue.ca\/en\/wp-json\/wp\/v2\/pages\/3131\/revisions"}],"predecessor-version":[{"id":3133,"href":"https:\/\/www.bullebleue.ca\/en\/wp-json\/wp\/v2\/pages\/3131\/revisions\/3133"}],"wp:attachment":[{"href":"https:\/\/www.bullebleue.ca\/en\/wp-json\/wp\/v2\/media?parent=3131"}],"curies":[{"name":"wp","href":"https:\/\/api.w.org\/{rel}","templated":true}]}}