{"id":384,"date":"2024-10-24T19:33:46","date_gmt":"2024-10-24T19:33:46","guid":{"rendered":"https:\/\/www.bullebleue.ca\/?page_id=384"},"modified":"2024-11-18T14:31:07","modified_gmt":"2024-11-18T14:31:07","slug":"a-propos","status":"publish","type":"page","link":"https:\/\/www.bullebleue.ca\/en\/a-propos\/","title":{"rendered":"About"},"content":{"rendered":"<div class=\"wp-block-cover is-light has-parallax\" style=\"min-height:1359px;aspect-ratio:unset;\"><span aria-hidden=\"true\" class=\"wp-block-cover__background has-background-dim\" style=\"background-color:#fcf7f8\"><\/span><div role=\"img\" aria-label=\"Bulles \u00e9clatantes de BulleBleue\" class=\"wp-block-cover__image-background wp-image-934 has-parallax\" style=\"background-position:48% 47%;background-image:url(https:\/\/www.bullebleue.ca\/wp-content\/uploads\/2024\/10\/bulles-background.png)\"><\/div><div class=\"wp-block-cover__inner-container is-layout-constrained wp-block-cover-is-layout-constrained\">\n<h1 class=\"wp-block-heading has-text-align-center has-ast-global-color-7-color has-text-color has-link-color wp-elements-a8540b9abfa509dcb714c219ab750fe9\">About us<\/h1>\n\n\n\n<div style=\"height:43px\" aria-hidden=\"true\" class=\"wp-block-spacer\"><\/div>\n\n\n\n<div class=\"wp-block-media-text has-media-on-the-right is-stacked-on-mobile\" style=\"grid-template-columns:auto 33%\"><div class=\"wp-block-media-text__content\">\n<h3 class=\"wp-block-heading has-ast-global-color-7-color has-text-color has-link-color wp-elements-2893a2d13419a9f30717959eec4fc8d6\"><strong>A little history<\/strong><\/h3>\n\n\n\n<p class=\"has-ast-global-color-7-color has-text-color has-link-color wp-elements-8baf8a99447e5d68be45973e7f937e02\">Thanks to Gabrielle's solid management training and unique experience as director of a Cooperative, combined with Alexis' entrepreneurial spirit and business skills, they were able to launch a truly innovative project in Canada. While popping boba are very popular in Asia, until now there has been no Canadian industrial manufacturer capable of producing quality popping bubbles in large quantities; they were all manufactured abroad, then imported.<\/p>\n\n\n\n<p class=\"has-ast-global-color-7-color has-text-color has-link-color wp-elements-7bd7fad2d138b3e5b94cd4d203c33678\">Gabrielle and Alexis quickly grasped the enormous advantage of offering a Canadian product of exceptional quality. They offer bespoke popping boba, created based on the customer's specific needs, and produced on demand, ensuring unparalleled freshness and personalization.<\/p>\n\n\n\n<p class=\"has-ast-global-color-7-color has-text-color has-link-color wp-elements-ace7b831e9105da878fca92de7a4586e\">Assisted by two shareholders, a chemist and a biologist, the project took shape and the production of bubble tea started in February 2022.&nbsp;<\/p>\n<\/div><figure class=\"wp-block-media-text__media\"><img loading=\"lazy\" decoding=\"async\" width=\"1024\" height=\"880\" src=\"https:\/\/www.bullebleue.ca\/wp-content\/uploads\/2024\/10\/sprite-peach2-Photoroom1-e1731616961761-1024x880.png\" alt=\"\" class=\"wp-image-876 size-full\"\/><\/figure><\/div>\n\n\n\n<div class=\"wp-block-media-text is-stacked-on-mobile\" style=\"grid-template-columns:43% auto\"><figure class=\"wp-block-media-text__media\"><img decoding=\"async\" src=\"https:\/\/www.bullebleue.ca\/wp-content\/uploads\/2024\/11\/machine-bulles-jaune-1024x461.jpg\" alt=\"\" class=\"wp-image-1631 size-full\"\/><\/figure><div class=\"wp-block-media-text__content\">\n<h3 class=\"wp-block-heading has-ast-global-color-7-color has-text-color has-link-color wp-elements-2628a6f176e047273f19e7ebe50e22d8\"><strong>A story full of fizz<\/strong><\/h3>\n\n\n\n<p class=\"has-ast-global-color-7-color has-text-color has-link-color wp-elements-3bec9b2ff1fc0a4be13be19404962c9a\">In 2024, the explosive bubble factory moved and acquired new equipment, in order to double its production. The Canadian factory of La Bulle Bleue now offers its customers a constant, reliable and certified supply. Thanks to our commitment to quality and consistency, our partners can count on local production that guarantees full traceability at every stage.<\/p>\n<\/div><\/div>\n\n\n\n<div style=\"height:100px\" aria-hidden=\"true\" class=\"wp-block-spacer\"><\/div>\n\n\n\n<h2 class=\"wp-block-heading has-text-align-center has-ast-global-color-7-color has-text-color has-link-color wp-elements-29b23bad915e819715b18d3b5ef6df4e\">The Bulle Bleue team<\/h2>\n\n\n\n<div class=\"wp-block-group is-layout-constrained wp-block-group-is-layout-constrained\">\n<div class=\"wp-block-group is-layout-constrained wp-block-group-is-layout-constrained\">\n<figure class=\"wp-block-image size-full is-resized\"><img decoding=\"async\" src=\"https:\/\/www.bullebleue.ca\/wp-content\/uploads\/2024\/11\/Gabrielle-Photoroom.jpg\" alt=\"bullebleue.com\" class=\"wp-image-1091\" style=\"width:145px\"\/><\/figure>\n<\/div>\n\n\n\n<div class=\"wp-block-group is-layout-constrained wp-block-group-is-layout-constrained\">\n<div class=\"wp-block-group is-layout-constrained wp-block-group-is-layout-constrained\">\n<div class=\"wp-block-gutena-accordion gutena-accordion-block gutena-accordion-block-41ec47-2a is-layout-flow wp-block-gutena-accordion-is-layout-flow\" data-single=\"true\">\n<div class=\"wp-block-gutena-accordion-panel gutena-accordion-block__panel\">\n<div class=\"wp-block-gutena-accordion-panel-title gutena-accordion-block__panel-title\"><div class=\"gutena-accordion-block__panel-title-inner\">\n<h6 class=\"wp-block-heading has-text-align-left\" style=\"margin-top:0px;margin-right:0px;margin-bottom:0px;margin-left:0px\"><strong>Gabrielle Girard-Vall\u00e9e<\/strong>,<strong> <\/strong>President<\/h6>\n<div class=\"trigger-up-down\"><div class=\"horizontal\"><\/div><div class=\"vertical\"><\/div><\/div><\/div><\/div>\n\n\n\n<div class=\"wp-block-gutena-accordion-panel-content gutena-accordion-block__panel-content\"><div class=\"gutena-accordion-block__panel-content-inner\">\n<p style=\"margin-top:0;margin-bottom:0\">With a degree in business management from the University of Sherbrooke, I quickly took the reins as general manager of a cooperative with 30 employees, where I managed a variety of human resources situations. I also led a change of banner, implemented new work tools and rectified the financial situation of the cooperative. Based on this experience, my partner and I decided to found a company manufacturing popping boba.<\/p>\n<\/div><\/div>\n<\/div>\n<\/div>\n<\/div>\n<\/div>\n<\/div>\n\n\n\n<figure class=\"wp-block-image size-full is-resized\"><img decoding=\"async\" src=\"https:\/\/www.bullebleue.ca\/wp-content\/uploads\/2024\/11\/alexis-Photoroom.jpg\" alt=\"bullebleue.org\" class=\"wp-image-1092\" style=\"width:145px\"\/><\/figure>\n\n\n\n<div class=\"wp-block-group is-layout-constrained wp-block-group-is-layout-constrained\">\n<div class=\"wp-block-gutena-accordion gutena-accordion-block gutena-accordion-block-ac5391-a5 is-layout-flow wp-block-gutena-accordion-is-layout-flow\" data-single=\"true\">\n<div class=\"wp-block-gutena-accordion-panel gutena-accordion-block__panel\">\n<div class=\"wp-block-gutena-accordion-panel-title gutena-accordion-block__panel-title\"><div class=\"gutena-accordion-block__panel-title-inner\">\n<h6 class=\"wp-block-heading has-text-align-left\" style=\"margin-top:0px;margin-right:0px;margin-bottom:0px;margin-left:0px\"><strong>Alexis Poulin<\/strong>,<strong> <\/strong>Vice-president<\/h6>\n<div class=\"trigger-up-down\"><div class=\"horizontal\"><\/div><div class=\"vertical\"><\/div><\/div><\/div><\/div>\n\n\n\n<div class=\"wp-block-gutena-accordion-panel-content gutena-accordion-block__panel-content\"><div class=\"gutena-accordion-block__panel-content-inner\">\n<p style=\"margin-top:0;margin-bottom:0\">During my DEC, I founded an electronic device repair company. This experience allowed me to understand how much I enjoyed taking on challenges and making strategic decisions. My years playing professional hockey definitely developed my sense of teamwork, but also instilled in me the discipline needed to set and achieve goals. It was this taste for a challenge that pushed my partner and I to create a company specializing in the manufacture of  bubble tea pearls.<\/p>\n<\/div><\/div>\n<\/div>\n<\/div>\n<\/div>\n\n\n\n<div class=\"wp-block-group is-layout-constrained wp-block-group-is-layout-constrained\">\n<figure class=\"wp-block-image size-full is-resized\"><img decoding=\"async\" src=\"https:\/\/www.bullebleue.ca\/wp-content\/uploads\/2024\/11\/Daniel2-Photoroom.jpg\" alt=\"labullebleue.ca\" class=\"wp-image-1093\" style=\"width:145px\"\/><\/figure>\n\n\n\n<div class=\"wp-block-gutena-accordion gutena-accordion-block gutena-accordion-block-81721f-f8 is-layout-flow wp-block-gutena-accordion-is-layout-flow\" data-single=\"true\">\n<div class=\"wp-block-gutena-accordion-panel gutena-accordion-block__panel\">\n<div class=\"wp-block-gutena-accordion-panel-title gutena-accordion-block__panel-title\"><div class=\"gutena-accordion-block__panel-title-inner\">\n<h6 class=\"wp-block-heading has-text-align-left\" style=\"margin-top:0px;margin-right:0px;margin-bottom:0px;margin-left:0px\"><strong>Daniel Vall\u00e9e<\/strong>, R&amp;D Director<\/h6>\n<div class=\"trigger-up-down\"><div class=\"horizontal\"><\/div><div class=\"vertical\"><\/div><\/div><\/div><\/div>\n\n\n\n<div class=\"wp-block-gutena-accordion-panel-content gutena-accordion-block__panel-content\"><div class=\"gutena-accordion-block__panel-content-inner\">\n<p style=\"margin-top:0;margin-bottom:0\">I spent my career in industrial management, optimizing or installing equipment for large manufacturing companies, at Domtar among others. When I retired, the plan was a sailboat somewhere in the West Indies, but when I was approached for a popping boba manufacturing project, where we were starting from a brand new patch of sand\u2026. I couldn't say no. As a chemist, I am now involved in R&amp;D to optimize equipment performance, develop new products and implement best practices in force in the industry.<\/p>\n<\/div><\/div>\n<\/div>\n<\/div>\n<\/div>\n\n\n\n<div class=\"wp-block-group is-layout-constrained wp-block-group-is-layout-constrained\">\n<figure class=\"wp-block-image size-full is-resized\"><img loading=\"lazy\" decoding=\"async\" width=\"145\" height=\"145\" src=\"https:\/\/www.bullebleue.ca\/wp-content\/uploads\/2024\/11\/Carole-Photoroom-e1730735473673.jpg\" alt=\"labullebleu.com\" class=\"wp-image-1095\" style=\"width:145px\"\/><\/figure>\n\n\n\n<div class=\"wp-block-gutena-accordion gutena-accordion-block gutena-accordion-block-690dcf-67 is-layout-flow wp-block-gutena-accordion-is-layout-flow\" data-single=\"true\">\n<div class=\"wp-block-gutena-accordion-panel gutena-accordion-block__panel\">\n<div class=\"wp-block-gutena-accordion-panel-title gutena-accordion-block__panel-title\"><div class=\"gutena-accordion-block__panel-title-inner\">\n<h6 class=\"wp-block-heading has-text-align-left\" style=\"margin-top:0px;margin-right:0px;margin-bottom:0px;margin-left:0px\"><strong>Carole Girard<\/strong>, Quality Director<\/h6>\n<div class=\"trigger-up-down\"><div class=\"horizontal\"><\/div><div class=\"vertical\"><\/div><\/div><\/div><\/div>\n\n\n\n<div class=\"wp-block-gutena-accordion-panel-content gutena-accordion-block__panel-content\"><div class=\"gutena-accordion-block__panel-content-inner\">\n<p style=\"margin-top:0;margin-bottom:0\">When I retired as a documentation architect, I did not know that I would return to research.  After my studies at the University of Sherbrooke, I worked as a research assistant in biology. As a member of La Bulle Bleue's internal R&amp;D team, I participate in the creation of new flavors of boba and the development of new products that exceed our customers' expectations. There are no limits to what we can achieve, and that\u2019s what makes my job so exciting. I am also in charge of the project to obtain our GFSI certification.&nbsp;<\/p>\n<\/div><\/div>\n<\/div>\n<\/div>\n<\/div>\n\n\n\n<div class=\"wp-block-group is-layout-constrained wp-block-group-is-layout-constrained\">\n<figure class=\"wp-block-image size-full is-resized\"><img loading=\"lazy\" decoding=\"async\" width=\"145\" height=\"145\" src=\"https:\/\/www.bullebleue.ca\/wp-content\/uploads\/2024\/11\/antoine-1.jpg\" alt=\"bullebleu\" class=\"wp-image-1835\" style=\"width:145px\"\/><\/figure>\n<\/div>\n\n\n\n<div class=\"wp-block-group is-layout-constrained wp-block-group-is-layout-constrained\">\n<div class=\"wp-block-group is-layout-constrained wp-block-group-is-layout-constrained\">\n<div class=\"wp-block-gutena-accordion gutena-accordion-block gutena-accordion-block-b52168-fe is-layout-flow wp-block-gutena-accordion-is-layout-flow\" data-single=\"true\">\n<div class=\"wp-block-gutena-accordion-panel gutena-accordion-block__panel\">\n<div class=\"wp-block-gutena-accordion-panel-title gutena-accordion-block__panel-title\"><div class=\"gutena-accordion-block__panel-title-inner\">\n<h6 class=\"wp-block-heading has-text-align-left\" style=\"margin-top:0px;margin-right:0px;margin-bottom:0px;margin-left:0px\"><strong>Antoine Girard-Vall\u00e9e<\/strong>,<strong> <\/strong>Director of Operations<\/h6>\n<div class=\"trigger-up-down\"><div class=\"horizontal\"><\/div><div class=\"vertical\"><\/div><\/div><\/div><\/div>\n\n\n\n<div class=\"wp-block-gutena-accordion-panel-content gutena-accordion-block__panel-content\"><div class=\"gutena-accordion-block__panel-content-inner\">\n<p style=\"margin-top:0;margin-bottom:0\">With a degree in computer engineering, I honed my talent for problem solving through my experiences in various programming companies. Today, I manage the daily operations of La Bulle Bleue with a strategic vision oriented towards efficiency. My analytical approach and engineering expertise help create technological solutions that ensure stable and optimized production for the company.<\/p>\n<\/div><\/div>\n<\/div>\n<\/div>\n<\/div>\n<\/div>\n\n\n\n<div style=\"height:100px\" aria-hidden=\"true\" class=\"wp-block-spacer\"><\/div>\n\n\n\n<div class=\"wp-block-media-text is-stacked-on-mobile\"><figure class=\"wp-block-media-text__media\"><img loading=\"lazy\" decoding=\"async\" width=\"1024\" height=\"819\" src=\"https:\/\/www.bullebleue.ca\/wp-content\/uploads\/2024\/11\/assiette-bulles-multicolores-Photoroom-1024x819.png\" alt=\"bullebleu, usine de bubble tea Qu\u00e9bec\" class=\"wp-image-1084 size-full\" srcset=\"https:\/\/www.bullebleue.ca\/wp-content\/uploads\/2024\/11\/assiette-bulles-multicolores-Photoroom-1024x819.png 1024w, https:\/\/www.bullebleue.ca\/wp-content\/uploads\/2024\/11\/assiette-bulles-multicolores-Photoroom-300x240.png 300w, https:\/\/www.bullebleue.ca\/wp-content\/uploads\/2024\/11\/assiette-bulles-multicolores-Photoroom-768x614.png 768w, https:\/\/www.bullebleue.ca\/wp-content\/uploads\/2024\/11\/assiette-bulles-multicolores-Photoroom-1536x1229.png 1536w, https:\/\/www.bullebleue.ca\/wp-content\/uploads\/2024\/11\/assiette-bulles-multicolores-Photoroom.png 2000w\" sizes=\"auto, (max-width: 1024px) 100vw, 1024px\" \/><\/figure><div class=\"wp-block-media-text__content\">\n<h3 class=\"wp-block-heading has-ast-global-color-7-color has-text-color has-link-color wp-elements-dcf67803563edb14f39c38316e2806fb\"><strong>At Bulle Bleue, we believe that your success is a reflection of our commitment.<\/strong><\/h3>\n\n\n\n<p class=\"has-text-align-left has-ast-global-color-7-color has-text-color\"><strong>Our customers<\/strong>: We cultivate relationships based on trust, integrity and authentic collaboration. We are committed to supporting you every step of the way, doing everything we can to offer you tailor-made solutions that meet your needs and exceed your expectations.&nbsp;<\/p>\n\n\n\n<p class=\"has-text-align-left has-ast-global-color-7-color has-text-color\"><strong>Nos partenaires:<\/strong> Nous nous engageons aupr\u00e8s de nos partenaires \u00e0 \u00eatre honn\u00eates, \u00e9thiques et responsables dans nos choix et nos actes. Cela implique aussi d&rsquo;utiliser des ingr\u00e9dients locaux lorsque disponibles, et de limiter notre empreinte \u00e9cologique.&nbsp;&nbsp;<\/p>\n\n\n\n<p class=\"has-ast-global-color-7-color has-text-color has-link-color wp-elements-1715048335559043a3bc67458fd4b7b2\"><strong>Nos employ\u00e9s:<\/strong> Le bien-\u00eatre de notre \u00e9quipe est une priorit\u00e9 car nous croyons fermement que de travailler dans une atmosph\u00e8re agr\u00e9able et conviviale, o\u00f9 la bonne entente est de mise, est un gage de succ\u00e8s.<\/p>\n<\/div><\/div>\n<\/div><\/div>","protected":false},"excerpt":{"rendered":"","protected":false},"author":1,"featured_media":0,"parent":0,"menu_order":0,"comment_status":"closed","ping_status":"closed","template":"","meta":{"site-sidebar-layout":"default","site-content-layout":"","ast-site-content-layout":"","site-content-style":"default","site-sidebar-style":"default","ast-global-header-display":"","ast-banner-title-visibility":"","ast-main-header-display":"","ast-hfb-above-header-display":"","ast-hfb-below-header-display":"","ast-hfb-mobile-header-display":"","site-post-title":"disabled","ast-breadcrumbs-content":"","ast-featured-img":"","footer-sml-layout":"","theme-transparent-header-meta":"","adv-header-id-meta":"","stick-header-meta":"","header-above-stick-meta":"","header-main-stick-meta":"","header-below-stick-meta":"","astra-migrate-meta-layouts":"default","ast-page-background-enabled":"default","ast-page-background-meta":{"desktop":{"background-color":"var(--ast-global-color-4)","background-image":"","background-repeat":"repeat","background-position":"center center","background-size":"auto","background-attachment":"scroll","background-type":"","background-media":"","overlay-type":"","overlay-color":"","overlay-opacity":"","overlay-gradient":""},"tablet":{"background-color":"","background-image":"","background-repeat":"repeat","background-position":"center center","background-size":"auto","background-attachment":"scroll","background-type":"","background-media":"","overlay-type":"","overlay-color":"","overlay-opacity":"","overlay-gradient":""},"mobile":{"background-color":"","background-image":"","background-repeat":"repeat","background-position":"center center","background-size":"auto","background-attachment":"scroll","background-type":"","background-media":"","overlay-type":"","overlay-color":"","overlay-opacity":"","overlay-gradient":""}},"ast-content-background-meta":{"desktop":{"background-color":"var(--ast-global-color-5)","background-image":"","background-repeat":"repeat","background-position":"center center","background-size":"auto","background-attachment":"scroll","background-type":"","background-media":"","overlay-type":"","overlay-color":"","overlay-opacity":"","overlay-gradient":""},"tablet":{"background-color":"var(--ast-global-color-5)","background-image":"","background-repeat":"repeat","background-position":"center center","background-size":"auto","background-attachment":"scroll","background-type":"","background-media":"","overlay-type":"","overlay-color":"","overlay-opacity":"","overlay-gradient":""},"mobile":{"background-color":"var(--ast-global-color-5)","background-image":"","background-repeat":"repeat","background-position":"center center","background-size":"auto","background-attachment":"scroll","background-type":"","background-media":"","overlay-type":"","overlay-color":"","overlay-opacity":"","overlay-gradient":""}},"footnotes":""},"class_list":["post-384","page","type-page","status-publish","hentry"],"_links":{"self":[{"href":"https:\/\/www.bullebleue.ca\/en\/wp-json\/wp\/v2\/pages\/384","targetHints":{"allow":["GET"]}}],"collection":[{"href":"https:\/\/www.bullebleue.ca\/en\/wp-json\/wp\/v2\/pages"}],"about":[{"href":"https:\/\/www.bullebleue.ca\/en\/wp-json\/wp\/v2\/types\/page"}],"author":[{"embeddable":true,"href":"https:\/\/www.bullebleue.ca\/en\/wp-json\/wp\/v2\/users\/1"}],"replies":[{"embeddable":true,"href":"https:\/\/www.bullebleue.ca\/en\/wp-json\/wp\/v2\/comments?post=384"}],"version-history":[{"count":10,"href":"https:\/\/www.bullebleue.ca\/en\/wp-json\/wp\/v2\/pages\/384\/revisions"}],"predecessor-version":[{"id":2361,"href":"https:\/\/www.bullebleue.ca\/en\/wp-json\/wp\/v2\/pages\/384\/revisions\/2361"}],"wp:attachment":[{"href":"https:\/\/www.bullebleue.ca\/en\/wp-json\/wp\/v2\/media?parent=384"}],"curies":[{"name":"wp","href":"https:\/\/api.w.org\/{rel}","templated":true}]}}