{"id":430,"date":"2024-10-25T18:12:32","date_gmt":"2024-10-25T18:12:32","guid":{"rendered":"https:\/\/www.bullebleue.ca\/?page_id=430"},"modified":"2026-02-25T16:04:09","modified_gmt":"2026-02-25T21:04:09","slug":"recettes","status":"publish","type":"page","link":"https:\/\/www.bullebleue.ca\/en\/recettes\/","title":{"rendered":"Recipes"},"content":{"rendered":"<h1 class=\"wp-block-heading has-text-align-center has-ast-global-color-7-color has-ast-global-color-5-background-color has-text-color has-background has-link-color wp-elements-03fb33332712cfdc955120128998d960\" style=\"margin-top:0;margin-bottom:0\">Discover our explosive recipes!<\/h1>\n\n\n\n<p class=\"has-text-align-center has-ast-global-color-3-color has-text-color has-link-color wp-elements-c02cec9f08f958a1b0d811f5a5cc8604\">Innovative and delicious ways to incorporate our boba at every moment of the day!<\/p>\n\n\n\n<div class=\"wp-block-media-text is-stacked-on-mobile has-ast-global-color-8-background-color has-background\"><figure class=\"wp-block-media-text__media\"><img loading=\"lazy\" decoding=\"async\" width=\"1024\" height=\"1024\" src=\"https:\/\/www.bullebleue.ca\/wp-content\/uploads\/2026\/02\/Matcha-au-fraise-1024x1024.jpg\" alt=\"\" class=\"wp-image-2987 size-full\" srcset=\"https:\/\/www.bullebleue.ca\/wp-content\/uploads\/2026\/02\/Matcha-au-fraise-1024x1024.jpg 1024w, https:\/\/www.bullebleue.ca\/wp-content\/uploads\/2026\/02\/Matcha-au-fraise-300x300.jpg 300w, https:\/\/www.bullebleue.ca\/wp-content\/uploads\/2026\/02\/Matcha-au-fraise-150x150.jpg 150w, https:\/\/www.bullebleue.ca\/wp-content\/uploads\/2026\/02\/Matcha-au-fraise-768x768.jpg 768w, https:\/\/www.bullebleue.ca\/wp-content\/uploads\/2026\/02\/Matcha-au-fraise-1536x1536.jpg 1536w, https:\/\/www.bullebleue.ca\/wp-content\/uploads\/2026\/02\/Matcha-au-fraise-12x12.jpg 12w, https:\/\/www.bullebleue.ca\/wp-content\/uploads\/2026\/02\/Matcha-au-fraise.jpg 2048w\" sizes=\"auto, (max-width: 1024px) 100vw, 1024px\" \/><\/figure><div class=\"wp-block-media-text__content\">\n<h4 class=\"wp-block-heading has-ast-global-color-7-color has-text-color has-link-color wp-elements-5ecb38c76418b7ee38bcd677e6550c2e\">Popping boba Matcha latte <strong>(vegan)<\/strong><\/h4>\n\n\n\n<ul class=\"wp-block-list\">\n<li>1\/4 cup <strong>kiwi or strawberry popping boba<\/strong><\/li>\n\n\n\n<li>1 tsp. matcha green tea powder<\/li>\n\n\n\n<li>2 tbsp. hot water<\/li>\n\n\n\n<li>1 cup oat milk or other milk of your choice<\/li>\n\n\n\n<li style=\"margin-right:0;margin-left:0\">1\/2 cup ice cubes<\/li>\n<\/ul>\n\n\n\n<p>Prepare the matcha in a bowl, adding hot water to the matcha, then whisk until the matcha is well dissolved and foamy. Add sugar to taste.<\/p>\n\n\n\n<p>Add the plant-based milk to a glass filled with ice cubes, then slowly pour the whipped Matcha on top for a nice layering effect. Add the popping boba on top. <\/p>\n<\/div><\/div>\n\n\n\n<div class=\"wp-block-media-text has-media-on-the-right is-stacked-on-mobile has-ast-global-color-8-background-color has-background\"><div class=\"wp-block-media-text__content\">\n<h4 class=\"wp-block-heading has-ast-global-color-7-color has-text-color has-link-color wp-elements-6de0faf57153461b954472c413a7742a\">Lime boba Cosmopolitan&nbsp;<\/h4>\n\n\n\n<ul class=\"wp-block-list\">\n<li>2 oz vodka<\/li>\n\n\n\n<li>3\/4 oz Cointreau<\/li>\n\n\n\n<li>1\/2 oz lime juice<\/li>\n\n\n\n<li>3\/4 oz cranberry juice<\/li>\n\n\n\n<li>1\/4 oz cane syrup or maple syrup<\/li>\n\n\n\n<li>2 oz <strong>lime or litchi popping boba <\/strong><\/li>\n<\/ul>\n\n\n\n<p>M\u00e9langez tous les ingr\u00e9dients dans un shaker.&nbsp; Garnir de glace, bien agiter et filtrer dans un verre \u00e0 martini r\u00e9frig\u00e9r\u00e9. Exprimez les huiles du quartier de lime et d\u00e9corez, puis ajoutez le popping boba dans le verre.<\/p>\n<\/div><figure class=\"wp-block-media-text__media\"><img loading=\"lazy\" decoding=\"async\" width=\"1024\" height=\"947\" src=\"https:\/\/www.bullebleue.ca\/wp-content\/uploads\/2024\/10\/cosmopolitan_web1-1024x947.jpg\" alt=\"Recette de cocktail avec boba\" class=\"wp-image-504 size-full\"\/><\/figure><\/div>\n\n\n\n<div class=\"wp-block-media-text is-stacked-on-mobile has-ast-global-color-8-background-color has-background\"><figure class=\"wp-block-media-text__media\"><img loading=\"lazy\" decoding=\"async\" width=\"1024\" height=\"1024\" src=\"https:\/\/www.bullebleue.ca\/wp-content\/uploads\/2026\/02\/Latte-au-bulle-citrouille-1024x1024.jpg\" alt=\"\" class=\"wp-image-2989 size-full\" srcset=\"https:\/\/www.bullebleue.ca\/wp-content\/uploads\/2026\/02\/Latte-au-bulle-citrouille-1024x1024.jpg 1024w, https:\/\/www.bullebleue.ca\/wp-content\/uploads\/2026\/02\/Latte-au-bulle-citrouille-300x300.jpg 300w, https:\/\/www.bullebleue.ca\/wp-content\/uploads\/2026\/02\/Latte-au-bulle-citrouille-150x150.jpg 150w, https:\/\/www.bullebleue.ca\/wp-content\/uploads\/2026\/02\/Latte-au-bulle-citrouille-768x768.jpg 768w, https:\/\/www.bullebleue.ca\/wp-content\/uploads\/2026\/02\/Latte-au-bulle-citrouille-1536x1536.jpg 1536w, https:\/\/www.bullebleue.ca\/wp-content\/uploads\/2026\/02\/Latte-au-bulle-citrouille-2048x2048.jpg 2048w, https:\/\/www.bullebleue.ca\/wp-content\/uploads\/2026\/02\/Latte-au-bulle-citrouille-12x12.jpg 12w\" sizes=\"auto, (max-width: 1024px) 100vw, 1024px\" \/><\/figure><div class=\"wp-block-media-text__content\">\n<h4 class=\"wp-block-heading has-ast-global-color-7-color has-text-color has-link-color wp-elements-d43e9fd89c7de7c578c8c90f86953006\">Autumn latte with pumpkin spice boba<\/h4>\n\n\n\n<p>Pumpkin spice simple syrup:<\/p>\n\n\n\n<ul class=\"wp-block-list\">\n<li>1 cup water<\/li>\n\n\n\n<li>1 cup sugar<\/li>\n\n\n\n<li>4 cloves<\/li>\n\n\n\n<li>3 whole black peppercorns<\/li>\n\n\n\n<li>2 whole cinnamon sticks<\/li>\n\n\n\n<li>1 whole nutmeg<\/li>\n\n\n\n<li>1 star anise<\/li>\n\n\n\n<li>1 piece of lemon zest, about 1 inch wide<\/li>\n<\/ul>\n\n\n\n<p>Autumn latte:&nbsp;<\/p>\n\n\n\n<ul class=\"wp-block-list\">\n<li>\u00bd cup whole milk<\/li>\n\n\n\n<li>1 to 2 tbsp. fall spice simple syrup, to taste<\/li>\n\n\n\n<li>1\/3 cup freshly ground espresso<\/li>\n\n\n\n<li>1 pinch of ground cinnamon<\/li>\n\n\n\n<li>3 tbsp. <strong>pumpkin spice popping pearls<\/strong><\/li>\n<\/ul>\n<\/div><\/div>\n\n\n\n<div class=\"wp-block-media-text has-media-on-the-right is-stacked-on-mobile has-ast-global-color-8-background-color has-background\"><div class=\"wp-block-media-text__content\">\n<h4 class=\"wp-block-heading has-ast-global-color-7-color has-text-color has-link-color wp-elements-e4d37da04aebf31ceb4009d638e2ec2e\">Fruit salad with lychee-flavored boba<\/h4>\n\n\n\n<ul class=\"wp-block-list\">\n<li>2 cups cubed cantaloupe<\/li>\n\n\n\n<li>2 cups cubed honeydew melon<\/li>\n\n\n\n<li>2 cups cubed papaya<\/li>\n\n\n\n<li>2 mangoes without skin, pitted and cubed<\/li>\n\n\n\n<li>2 cups cubed pineapple<\/li>\n\n\n\n<li>2 tbsp. honey<\/li>\n\n\n\n<li>Juice of 2 limes<\/li>\n\n\n\n<li>\u00bd tsp. star anise powder<\/li>\n\n\n\n<li>Grated coconut, to serve<\/li>\n\n\n\n<li>4 cups <strong>lychee boba<\/strong><\/li>\n<\/ul>\n\n\n\n<p>Combine cantaloupe, honeydew melon, papaya, pineapple, honey, lime juice and mangoes in a large bowl. Sprinkle with star anise and mix. Cover and refrigerate for 1 hour. Before serving, stir in half of the lychee exploding boba and garnish the salad with the other half.<\/p>\n<\/div><figure class=\"wp-block-media-text__media\"><img loading=\"lazy\" decoding=\"async\" width=\"1024\" height=\"1024\" src=\"https:\/\/www.bullebleue.ca\/wp-content\/uploads\/2026\/02\/Salade-de-fruit-bulle-litchi-1024x1024.jpg\" alt=\"\" class=\"wp-image-2991 size-full\" srcset=\"https:\/\/www.bullebleue.ca\/wp-content\/uploads\/2026\/02\/Salade-de-fruit-bulle-litchi-1024x1024.jpg 1024w, https:\/\/www.bullebleue.ca\/wp-content\/uploads\/2026\/02\/Salade-de-fruit-bulle-litchi-300x300.jpg 300w, https:\/\/www.bullebleue.ca\/wp-content\/uploads\/2026\/02\/Salade-de-fruit-bulle-litchi-150x150.jpg 150w, https:\/\/www.bullebleue.ca\/wp-content\/uploads\/2026\/02\/Salade-de-fruit-bulle-litchi-768x768.jpg 768w, https:\/\/www.bullebleue.ca\/wp-content\/uploads\/2026\/02\/Salade-de-fruit-bulle-litchi-1536x1536.jpg 1536w, https:\/\/www.bullebleue.ca\/wp-content\/uploads\/2026\/02\/Salade-de-fruit-bulle-litchi-2048x2048.jpg 2048w, https:\/\/www.bullebleue.ca\/wp-content\/uploads\/2026\/02\/Salade-de-fruit-bulle-litchi-12x12.jpg 12w\" sizes=\"auto, (max-width: 1024px) 100vw, 1024px\" \/><\/figure><\/div>\n\n\n\n<div class=\"wp-block-media-text is-stacked-on-mobile has-ast-global-color-8-background-color has-background\"><figure class=\"wp-block-media-text__media\"><img loading=\"lazy\" decoding=\"async\" width=\"1024\" height=\"1024\" src=\"https:\/\/www.bullebleue.ca\/wp-content\/uploads\/2026\/02\/Crepe-bulle-erable-1024x1024.jpg\" alt=\"\" class=\"wp-image-2993 size-full\" srcset=\"https:\/\/www.bullebleue.ca\/wp-content\/uploads\/2026\/02\/Crepe-bulle-erable-1024x1024.jpg 1024w, https:\/\/www.bullebleue.ca\/wp-content\/uploads\/2026\/02\/Crepe-bulle-erable-300x300.jpg 300w, https:\/\/www.bullebleue.ca\/wp-content\/uploads\/2026\/02\/Crepe-bulle-erable-150x150.jpg 150w, https:\/\/www.bullebleue.ca\/wp-content\/uploads\/2026\/02\/Crepe-bulle-erable-768x768.jpg 768w, https:\/\/www.bullebleue.ca\/wp-content\/uploads\/2026\/02\/Crepe-bulle-erable-1536x1536.jpg 1536w, https:\/\/www.bullebleue.ca\/wp-content\/uploads\/2026\/02\/Crepe-bulle-erable-2048x2048.jpg 2048w, https:\/\/www.bullebleue.ca\/wp-content\/uploads\/2026\/02\/Crepe-bulle-erable-12x12.jpg 12w\" sizes=\"auto, (max-width: 1024px) 100vw, 1024px\" \/><\/figure><div class=\"wp-block-media-text__content\">\n<h4 class=\"wp-block-heading has-ast-global-color-7-color has-text-color has-link-color wp-elements-8455b472639031333d4ec81c980e6eb6\">Maple cream pancakes topped with maple popping pearls<\/h4>\n\n\n\n<p>Pancakes:<\/p>\n\n\n\n<ul class=\"wp-block-list\">\n<li>1\/2 cup of milk  <\/li>\n\n\n\n<li>1 large egg<\/li>\n\n\n\n<li>1 tbsp. vanilla essence<\/li>\n\n\n\n<li>2 tbsp. maple sugar<\/li>\n\n\n\n<li>3\/4 cup all-purpose flour<\/li>\n\n\n\n<li>1 pinch of salt<\/li>\n<\/ul>\n\n\n\n<p>Maple custard:&nbsp;<\/p>\n\n\n\n<ul class=\"wp-block-list\">\n<li>1 cup 35% M.F. whipping cream<\/li>\n\n\n\n<li>3 tbsp. maple syrup<\/li>\n\n\n\n<li>1\/4 cup English cream&nbsp;<\/li>\n\n\n\n<li>3 tbsp. maple sugar<\/li>\n\n\n\n<li><strong>Maple flavor pearls<\/strong>, to garnish the plates<\/li>\n<\/ul>\n<\/div><\/div>\n\n\n\n<div class=\"wp-block-media-text has-media-on-the-right is-stacked-on-mobile has-ast-global-color-8-background-color has-background\"><div class=\"wp-block-media-text__content\">\n<h4 class=\"wp-block-heading has-ast-global-color-7-color has-text-color has-link-color wp-elements-acd348c9fc982aff0b233c9203eff7dd\">Raspberry Popping Boba Cereal <\/h4>\n\n\n\n<p><\/p>\n\n\n\n<ul class=\"wp-block-list\">\n<li>A bowl filled with your favorite cereal with milk. <\/li>\n\n\n\n<li>1\/2 cup <strong>popping boba,<\/strong> previously drained in a strainer to separate the syrup<\/li>\n\n\n\n<li>1 tsp. coconut flakes, to taste, for garnish<\/li>\n<\/ul>\n<\/div><figure class=\"wp-block-media-text__media\"><img loading=\"lazy\" decoding=\"async\" width=\"1024\" height=\"880\" src=\"https:\/\/www.bullebleue.ca\/wp-content\/uploads\/2024\/11\/cereales-boba-framboise-recettes-1024x880.jpg\" alt=\"bubble tea framboise sur c\u00e9r\u00e9ales\" class=\"wp-image-1803 size-full\"\/><\/figure><\/div>","protected":false},"excerpt":{"rendered":"<p>D\u00e9couvrez nos recettes explosives! Des fa\u00e7ons innovantes et gourmandes d&rsquo;incorporer nos bulles \u00e0 chaque moment de la journ\u00e9e !<\/p>","protected":false},"author":1,"featured_media":0,"parent":0,"menu_order":0,"comment_status":"closed","ping_status":"closed","template":"","meta":{"site-sidebar-layout":"default","site-content-layout":"","ast-site-content-layout":"","site-content-style":"default","site-sidebar-style":"default","ast-global-header-display":"","ast-banner-title-visibility":"","ast-main-header-display":"","ast-hfb-above-header-display":"","ast-hfb-below-header-display":"","ast-hfb-mobile-header-display":"","site-post-title":"disabled","ast-breadcrumbs-content":"","ast-featured-img":"","footer-sml-layout":"","theme-transparent-header-meta":"","adv-header-id-meta":"","stick-header-meta":"","header-above-stick-meta":"","header-main-stick-meta":"","header-below-stick-meta":"","astra-migrate-meta-layouts":"default","ast-page-background-enabled":"default","ast-page-background-meta":{"desktop":{"background-color":"var(--ast-global-color-4)","background-image":"","background-repeat":"repeat","background-position":"center center","background-size":"auto","background-attachment":"scroll","background-type":"","background-media":"","overlay-type":"","overlay-color":"","overlay-opacity":"","overlay-gradient":""},"tablet":{"background-color":"","background-image":"","background-repeat":"repeat","background-position":"center center","background-size":"auto","background-attachment":"scroll","background-type":"","background-media":"","overlay-type":"","overlay-color":"","overlay-opacity":"","overlay-gradient":""},"mobile":{"background-color":"","background-image":"","background-repeat":"repeat","background-position":"center center","background-size":"auto","background-attachment":"scroll","background-type":"","background-media":"","overlay-type":"","overlay-color":"","overlay-opacity":"","overlay-gradient":""}},"ast-content-background-meta":{"desktop":{"background-color":"var(--ast-global-color-5)","background-image":"","background-repeat":"repeat","background-position":"center center","background-size":"auto","background-attachment":"scroll","background-type":"","background-media":"","overlay-type":"","overlay-color":"","overlay-opacity":"","overlay-gradient":""},"tablet":{"background-color":"var(--ast-global-color-5)","background-image":"","background-repeat":"repeat","background-position":"center center","background-size":"auto","background-attachment":"scroll","background-type":"","background-media":"","overlay-type":"","overlay-color":"","overlay-opacity":"","overlay-gradient":""},"mobile":{"background-color":"var(--ast-global-color-5)","background-image":"","background-repeat":"repeat","background-position":"center center","background-size":"auto","background-attachment":"scroll","background-type":"","background-media":"","overlay-type":"","overlay-color":"","overlay-opacity":"","overlay-gradient":""}},"footnotes":""},"class_list":["post-430","page","type-page","status-publish","hentry"],"_links":{"self":[{"href":"https:\/\/www.bullebleue.ca\/en\/wp-json\/wp\/v2\/pages\/430","targetHints":{"allow":["GET"]}}],"collection":[{"href":"https:\/\/www.bullebleue.ca\/en\/wp-json\/wp\/v2\/pages"}],"about":[{"href":"https:\/\/www.bullebleue.ca\/en\/wp-json\/wp\/v2\/types\/page"}],"author":[{"embeddable":true,"href":"https:\/\/www.bullebleue.ca\/en\/wp-json\/wp\/v2\/users\/1"}],"replies":[{"embeddable":true,"href":"https:\/\/www.bullebleue.ca\/en\/wp-json\/wp\/v2\/comments?post=430"}],"version-history":[{"count":10,"href":"https:\/\/www.bullebleue.ca\/en\/wp-json\/wp\/v2\/pages\/430\/revisions"}],"predecessor-version":[{"id":2994,"href":"https:\/\/www.bullebleue.ca\/en\/wp-json\/wp\/v2\/pages\/430\/revisions\/2994"}],"wp:attachment":[{"href":"https:\/\/www.bullebleue.ca\/en\/wp-json\/wp\/v2\/media?parent=430"}],"curies":[{"name":"wp","href":"https:\/\/api.w.org\/{rel}","templated":true}]}}