{"id":435,"date":"2024-10-25T18:14:29","date_gmt":"2024-10-25T18:14:29","guid":{"rendered":"https:\/\/www.bullebleue.ca\/?page_id=435"},"modified":"2026-03-06T20:00:29","modified_gmt":"2026-03-07T01:00:29","slug":"services","status":"publish","type":"page","link":"https:\/\/www.bullebleue.ca\/en\/services\/","title":{"rendered":"Services"},"content":{"rendered":"\n<div class=\"wp-block-media-text has-media-on-the-right is-stacked-on-mobile has-ast-global-color-7-background-color has-background\" style=\"padding-top:var(--wp--preset--spacing--20)\"><div class=\"wp-block-media-text__content\">\n<h1 class=\"wp-block-heading has-ast-global-color-5-color has-text-color has-link-color wp-elements-a4228041cbecf524513f63e0c07241b0\">La source directe pour vos bulles \u00e9clatantes, de notre usine \u00e0 votre entreprise.<\/h1>\n\n\n\n<p class=\"has-ast-global-color-5-color has-text-color has-link-color has-medium-font-size wp-elements-0cb005dde380de32bb1fd64c0f7f97fe\">En tant que seul fabricant de perles \u00e9clatantes certifi\u00e9 SQF au Canada, nous \u00e9liminons les interm\u00e9diaires pour vous offrir une fra\u00eecheur in\u00e9gal\u00e9e, des prix d&rsquo;usine et une logistique simplifi\u00e9e. Que vous soyez une petite entreprise locale ou une grande cha\u00eene nationale, nous livrons directement depuis notre centre de production \u00e0 Windsor, Qu\u00e9bec.<\/p>\n\n\n\n<div class=\"wp-block-buttons is-layout-flex wp-block-buttons-is-layout-flex\">\n<div class=\"wp-block-button\"><a class=\"wp-block-button__link has-luminous-vivid-amber-background-color has-background wp-element-button\" href=\"https:\/\/www.bullebleue.ca\/nous-joindre\/\">Travaillons ensemble<\/a><\/div>\n<\/div>\n<\/div><figure class=\"wp-block-media-text__media\"><img loading=\"lazy\" decoding=\"async\" width=\"1024\" height=\"952\" src=\"https:\/\/www.bullebleue.ca\/wp-content\/uploads\/2024\/10\/assiette-50-bulles-dragon-Photoroom-1-1024x952.png\" alt=\"boba aux fruits fait au Qu\u00e9bec\" class=\"wp-image-903 size-full\" srcset=\"https:\/\/www.bullebleue.ca\/wp-content\/uploads\/2024\/10\/assiette-50-bulles-dragon-Photoroom-1-1024x952.png 1024w, https:\/\/www.bullebleue.ca\/wp-content\/uploads\/2024\/10\/assiette-50-bulles-dragon-Photoroom-1-300x279.png 300w, https:\/\/www.bullebleue.ca\/wp-content\/uploads\/2024\/10\/assiette-50-bulles-dragon-Photoroom-1-768x714.png 768w, https:\/\/www.bullebleue.ca\/wp-content\/uploads\/2024\/10\/assiette-50-bulles-dragon-Photoroom-1-1536x1428.png 1536w, https:\/\/www.bullebleue.ca\/wp-content\/uploads\/2024\/10\/assiette-50-bulles-dragon-Photoroom-1.png 2000w\" sizes=\"auto, (max-width: 1024px) 100vw, 1024px\" \/><\/figure><\/div>\n\n\n\n<div class=\"wp-block-cover alignfull\" style=\"margin-top:0;padding-top:6vw;padding-right:6vw;padding-bottom:6vw;padding-left:6vw;min-height:1115px;aspect-ratio:unset;\"><span aria-hidden=\"true\" class=\"wp-block-cover__background has-ast-global-color-5-background-color has-background-dim-100 has-background-dim\"><\/span><div class=\"wp-block-cover__inner-container is-layout-flow wp-block-cover-is-layout-flow\">\n<div class=\"wp-block-media-text alignfull is-stacked-on-mobile is-vertically-aligned-center is-image-fill-element has-luminous-vivid-amber-background-color has-background\" style=\"grid-template-columns:45% auto\" id=\"service-alimentaire\"><figure class=\"wp-block-media-text__media\"><img loading=\"lazy\" decoding=\"async\" width=\"825\" height=\"1024\" src=\"https:\/\/www.bullebleue.ca\/wp-content\/uploads\/2026\/03\/Verre-bubble-tea-Bulle-Bleue-825x1024.jpg\" alt=\"\" class=\"wp-image-3060 size-full\" style=\"object-position:50% 50%\" srcset=\"https:\/\/www.bullebleue.ca\/wp-content\/uploads\/2026\/03\/Verre-bubble-tea-Bulle-Bleue-825x1024.jpg 825w, https:\/\/www.bullebleue.ca\/wp-content\/uploads\/2026\/03\/Verre-bubble-tea-Bulle-Bleue-242x300.jpg 242w, https:\/\/www.bullebleue.ca\/wp-content\/uploads\/2026\/03\/Verre-bubble-tea-Bulle-Bleue-768x953.jpg 768w, https:\/\/www.bullebleue.ca\/wp-content\/uploads\/2026\/03\/Verre-bubble-tea-Bulle-Bleue-1237x1536.jpg 1237w, https:\/\/www.bullebleue.ca\/wp-content\/uploads\/2026\/03\/Verre-bubble-tea-Bulle-Bleue-1650x2048.jpg 1650w, https:\/\/www.bullebleue.ca\/wp-content\/uploads\/2026\/03\/Verre-bubble-tea-Bulle-Bleue-10x12.jpg 10w, https:\/\/www.bullebleue.ca\/wp-content\/uploads\/2026\/03\/Verre-bubble-tea-Bulle-Bleue.jpg 1856w\" sizes=\"auto, (max-width: 825px) 100vw, 825px\" \/><\/figure><div class=\"wp-block-media-text__content\">\n<h3 class=\"wp-block-heading has-text-align-left has-text-color\" style=\"color:#000000\">Service Alimentaire et Livraison Directe aux PME \/ Restaurateurs<\/h3>\n\n\n\n<p class=\"has-text-align-left has-ast-global-color-7-color has-text-color has-link-color has-extra-small-font-size wp-elements-6e07a273d1d1db301a818eed13731719\"><strong>Ne d\u00e9pendez plus des stocks incertains des importateurs. Nous livrons nos formats de 3,1 kg directement de l&rsquo;usine \u00e0 votre commerce.<\/strong><\/p>\n\n\n\n<p class=\"has-ast-global-color-7-color has-text-color has-link-color wp-elements-24fb7a454ae71b2a64bee2cb35fce087\"><strong>Fra\u00eecheur garantie : <\/strong>Produits fabriqu\u00e9s localement avec des d\u00e9lais de rotation courts.<\/p>\n\n\n\n<p class=\"has-ast-global-color-7-color has-text-color has-link-color wp-elements-262b887bb15266ccc9785b637478645c\"><strong>Logistique simplifi\u00e9e : <\/strong>Livraison directe partout en Am\u00e9rique du Nord.<\/p>\n\n\n\n<p class=\"has-ast-global-color-7-color has-text-color has-link-color wp-elements-c91414c645da1d966080e58fa172054f\"><strong>Soutien aux commer\u00e7ants : <\/strong>Acc\u00e8s direct \u00e0 l&rsquo;expertise du fabricant pour vos menus saisonniers.<\/p>\n\n\n\n<ul class=\"wp-block-list\">\n<li>30+ Saveurs de bulles disponibles<\/li>\n\n\n\n<li>Accessoires disponible<\/li>\n\n\n\n<li>Plus encore!<\/li>\n<\/ul>\n\n\n\n<div class=\"wp-block-buttons is-layout-flex wp-block-buttons-is-layout-flex\">\n<div class=\"wp-block-button\"><a class=\"wp-block-button__link has-ast-global-color-4-color has-ast-global-color-7-background-color has-text-color has-background has-link-color wp-element-button\" href=\"https:\/\/www.bullebleue.ca\/distribution-b2b\/\">Contactez-nous<\/a><\/div>\n<\/div>\n<\/div><\/div>\n\n\n\n<div class=\"wp-block-media-text alignfull has-media-on-the-right is-stacked-on-mobile is-vertically-aligned-center is-image-fill-element TRANSFORMATEURS has-luminous-vivid-amber-background-color has-background\" style=\"grid-template-columns:auto 55%\" id=\"TRANSFORMATEURS\"><div class=\"wp-block-media-text__content\">\n<h3 class=\"wp-block-heading has-text-align-left has-ast-global-color-7-color has-text-color\" id=\"partenaires\"><strong>Solutions pour Transformateurs et Partenaires Industriels<\/strong><\/h3>\n\n\n\n<p class=\"has-text-align-left has-ast-global-color-7-color has-text-color has-link-color has-extra-small-font-size wp-elements-7e6cc3869ea0938102b89fe147a6433a\"><strong>Une int\u00e9gration fluide dans vos lignes de production avec des standards de s\u00e9curit\u00e9 alimentaire de classe mondiale.<\/strong><\/p>\n\n\n\n<p class=\"has-ast-global-color-7-color has-text-color has-link-color wp-elements-26dc5fb4c9eb9bcad29e194a519c0ab1\"><strong>Formats industriels : <\/strong>Conditionnement en vrac adapt\u00e9 \u00e0 vos \u00e9quipements automatis\u00e9s.<\/p>\n\n\n\n<p class=\"has-ast-global-color-7-color has-text-color has-link-color wp-elements-10b97c6ba34c2296b33ec8a07af866d1\"><strong>R&amp;D et Chimie alimentaire : <\/strong>D\u00e9veloppement de recettes sp\u00e9cifiques (stabilit\u00e9, texture, saveur) pour vos produits finis.<\/p>\n\n\n\n<p class=\"has-text-align-left has-ast-global-color-7-color has-text-color has-link-color has-extra-small-font-size wp-elements-c08d7b1bdaffa02816efb5a0a111c221\"><strong>Certification SQF : <\/strong>L&rsquo;assurance d&rsquo;une conformit\u00e9 totale aux normes GFSI les plus strictes.<\/p>\n\n\n\n<div class=\"wp-block-buttons is-layout-flex wp-block-buttons-is-layout-flex\">\n<div class=\"wp-block-button\"><a class=\"wp-block-button__link has-ast-global-color-4-color has-ast-global-color-7-background-color has-text-color has-background has-link-color wp-element-button\" href=\"https:\/\/www.bullebleue.ca\/demande-transformateurs\/\">Contactez-nous<\/a><\/div>\n<\/div>\n<\/div><figure class=\"wp-block-media-text__media\"><img loading=\"lazy\" decoding=\"async\" width=\"1024\" height=\"768\" src=\"https:\/\/www.bullebleue.ca\/wp-content\/uploads\/2024\/10\/P1018190-1024x768.jpg\" alt=\"perles de saveur pour l'embouteillage\" class=\"wp-image-476 size-full\" style=\"object-position:50% 50%\"\/><\/figure><\/div>\n\n\n\n<div class=\"wp-block-media-text alignfull is-stacked-on-mobile is-vertically-aligned-center is-image-fill-element foodservice has-luminous-vivid-amber-background-color has-background\" style=\"grid-template-columns:45% auto\" id=\"foodservice\"><figure class=\"wp-block-media-text__media\"><img loading=\"lazy\" decoding=\"async\" width=\"1024\" height=\"1024\" src=\"https:\/\/www.bullebleue.ca\/wp-content\/uploads\/2026\/03\/Gemini_Generated_Image_jus3nxjus3nxjus3-1024x1024.png\" alt=\"\" class=\"wp-image-3052 size-full\" style=\"object-position:50% 50%\" srcset=\"https:\/\/www.bullebleue.ca\/wp-content\/uploads\/2026\/03\/Gemini_Generated_Image_jus3nxjus3nxjus3-1024x1024.png 1024w, https:\/\/www.bullebleue.ca\/wp-content\/uploads\/2026\/03\/Gemini_Generated_Image_jus3nxjus3nxjus3-300x300.png 300w, https:\/\/www.bullebleue.ca\/wp-content\/uploads\/2026\/03\/Gemini_Generated_Image_jus3nxjus3nxjus3-150x150.png 150w, https:\/\/www.bullebleue.ca\/wp-content\/uploads\/2026\/03\/Gemini_Generated_Image_jus3nxjus3nxjus3-768x768.png 768w, https:\/\/www.bullebleue.ca\/wp-content\/uploads\/2026\/03\/Gemini_Generated_Image_jus3nxjus3nxjus3-1536x1536.png 1536w, https:\/\/www.bullebleue.ca\/wp-content\/uploads\/2026\/03\/Gemini_Generated_Image_jus3nxjus3nxjus3-12x12.png 12w, https:\/\/www.bullebleue.ca\/wp-content\/uploads\/2026\/03\/Gemini_Generated_Image_jus3nxjus3nxjus3.png 2048w\" sizes=\"auto, (max-width: 1024px) 100vw, 1024px\" \/><\/figure><div class=\"wp-block-media-text__content\">\n<h3 class=\"wp-block-heading has-text-align-left has-text-color\" style=\"color:#000000\"><strong>Partenaires de Distribution<\/strong><\/h3>\n\n\n\n<p class=\"has-text-align-left has-ast-global-color-7-color has-text-color has-link-color has-extra-small-font-size wp-elements-3d6a63c10d97d0fca444b2c39f411f45\"><strong>S\u00e9curit\u00e9 d&rsquo;approvisionnement : <\/strong>\u00c9liminez les incertitudes li\u00e9es au transport maritime et aux douanes. Notre usine au Qu\u00e9bec garantit une disponibilit\u00e9 constante et des d\u00e9lais de livraison rapides (moins de 2 semaines).<\/p>\n\n\n\n<p class=\"has-ast-global-color-7-color has-text-color has-link-color wp-elements-80c08a680329564d06cd90f85b8bc0a0\"><strong>Standards de Qualit\u00e9 Sup\u00e9rieurs : <\/strong>Nos certifications SQF simplifient vos processus d&rsquo;approbation interne et garantissent \u00e0 vos clients une s\u00e9curit\u00e9 alimentaire de classe mondiale.<\/p>\n\n\n\n<p class=\"has-ast-global-color-7-color has-text-color has-link-color wp-elements-257f6846041997643839884f4927b34c\"><strong>Capacit\u00e9 de Volume &amp; Logistique : <\/strong>Nous sommes \u00e9quip\u00e9s pour g\u00e9rer des commandes \u00e0 grand volume, avec une logistique optimis\u00e9e pour la palettisation standardis\u00e9e et le transport longue distance.<\/p>\n\n\n\n<p class=\"has-text-align-left Service-alimentaire has-ast-global-color-7-color has-text-color has-link-color has-extra-small-font-size wp-elements-3e8ab1cbcd6737c3a4f97d34bfabdd9a\" id=\"Service-alimentaire\"><strong>Soutien au Marketing : <\/strong>Nous fournissons du mat\u00e9riel promotionnel, des \u00e9chantillons pour vos repr\u00e9sentants et un soutien technique pour aider votre \u00e9quipe de vente \u00e0 se d\u00e9marquer.<\/p>\n\n\n\n<div class=\"wp-block-buttons is-layout-flex wp-block-buttons-is-layout-flex\">\n<div class=\"wp-block-button\"><a class=\"wp-block-button__link has-ast-global-color-4-color has-ast-global-color-7-background-color has-text-color has-background has-link-color wp-element-button\" href=\"https:\/\/www.bullebleue.ca\/demande-service-alimentaire\/\">Contactez-nous<\/a><\/div>\n<\/div>\n<\/div><\/div>\n\n\n\n<div class=\"wp-block-media-text alignfull has-media-on-the-right is-stacked-on-mobile is-vertically-aligned-center is-image-fill-element private-label has-luminous-vivid-amber-background-color has-background\" style=\"grid-template-columns:auto 55%\" id=\"private-label\"><div class=\"wp-block-media-text__content\">\n<h3 class=\"wp-block-heading has-text-align-left has-ast-global-color-7-color has-text-color\"><strong><strong>MARQUE PRIV\u00c9E<\/strong><\/strong><\/h3>\n\n\n\n<p class=\"has-text-align-left has-ast-global-color-7-color has-text-color has-link-color has-extra-small-font-size wp-elements-ecc311ca76d01fdbe7a0b1c94780727e\"><strong>Propulsez votre marque avec un produit d\u00e9j\u00e0 \u00e9prouv\u00e9 sur le march\u00e9 du d\u00e9tail.<\/strong><\/p>\n\n\n\n<p class=\"has-ast-global-color-7-color has-text-color has-link-color wp-elements-a8f3722d5e0384a274d26def8b0c657e\"><strong>Produit cl\u00e9 en main : <\/strong>De la conception de la recette au design de l&rsquo;\u00e9tiquette, nous cr\u00e9ons un produit pr\u00eat pour les tablettes.<\/p>\n\n\n\n<p class=\"has-ast-global-color-7-color has-text-color has-link-color wp-elements-5ef8cdc6b323898c755d578dc0b0b691\"><strong>Expertise de d\u00e9tail : <\/strong>Profitez de notre savoir-faire en commercialisation pour le secteur du \u00ab\u00a0Retail\u00a0\u00bb.<\/p>\n\n\n\n<p class=\"has-text-align-left has-ast-global-color-7-color has-text-color has-link-color has-extra-small-font-size wp-elements-5f9520ae64ee89e5099036c46e8c041b\"><\/p>\n\n\n\n<div class=\"wp-block-buttons is-layout-flex wp-block-buttons-is-layout-flex\">\n<div class=\"wp-block-button\"><a class=\"wp-block-button__link has-ast-global-color-4-color has-ast-global-color-7-background-color has-text-color has-background has-link-color wp-element-button\" href=\"https:\/\/www.bullebleue.ca\/demande-white-label\/\">Contactez-nous<\/a><\/div>\n<\/div>\n<\/div><figure class=\"wp-block-media-text__media\"><img loading=\"lazy\" decoding=\"async\" width=\"1024\" height=\"1024\" src=\"https:\/\/www.bullebleue.ca\/wp-content\/uploads\/2026\/03\/Strawberry-popping-pearls-for-retail-Bulle-Bleue-2-1.jpg\" alt=\"\" class=\"wp-image-3061 size-full\" style=\"object-position:50% 50%\" srcset=\"https:\/\/www.bullebleue.ca\/wp-content\/uploads\/2026\/03\/Strawberry-popping-pearls-for-retail-Bulle-Bleue-2-1.jpg 1024w, https:\/\/www.bullebleue.ca\/wp-content\/uploads\/2026\/03\/Strawberry-popping-pearls-for-retail-Bulle-Bleue-2-1-300x300.jpg 300w, https:\/\/www.bullebleue.ca\/wp-content\/uploads\/2026\/03\/Strawberry-popping-pearls-for-retail-Bulle-Bleue-2-1-150x150.jpg 150w, https:\/\/www.bullebleue.ca\/wp-content\/uploads\/2026\/03\/Strawberry-popping-pearls-for-retail-Bulle-Bleue-2-1-768x768.jpg 768w, https:\/\/www.bullebleue.ca\/wp-content\/uploads\/2026\/03\/Strawberry-popping-pearls-for-retail-Bulle-Bleue-2-1-12x12.jpg 12w\" sizes=\"auto, (max-width: 1024px) 100vw, 1024px\" \/><\/figure><\/div>\n<\/div><\/div>\n\n\n\n<p class=\"has-ast-global-color-5-background-color has-background\"><\/p>\n\n\n\n<div class=\"wp-block-cover is-light\"><img decoding=\"async\" class=\"wp-block-cover__image-background wp-image-584\" alt=\"fabrication de bubble tea au Qu\u00e9\u00e9bec\" src=\"https:\/\/www.bullebleue.ca\/wp-content\/uploads\/2024\/10\/P10161391-2-scaled.jpg\" data-object-fit=\"cover\"\/><span aria-hidden=\"true\" class=\"wp-block-cover__background has-background-dim\" style=\"background-color:#958883\"><\/span><div class=\"wp-block-cover__inner-container is-layout-flow wp-block-cover-is-layout-flow\"><div class=\"align wp-block-ilb-icon-list\" id='ilbIconList-1' data-attributes='{&quot;title&quot;:&quot;Notre garantie de qualit\\u00e9&quot;,&quot;desc&quot;:&quot;Entreprise familiale et fabrication canadienne&quot;,&quot;lists&quot;:[{&quot;icon&quot;:{&quot;class&quot;:&quot;fa-solid fa-truck-fast&quot;},&quot;text&quot;:&quot;Rapidit\\u00e9 de mise sur le march\\u00e9\\u00a0&quot;,&quot;link&quot;:&quot;&quot;},{&quot;icon&quot;:{&quot;class&quot;:&quot;fa-solid fa-bullhorn&quot;},&quot;text&quot;:&quot;Parlez directement avec les d\\u00e9cideurs&quot;,&quot;link&quot;:&quot;&quot;},{&quot;icon&quot;:{&quot;class&quot;:&quot;fa-solid fa-clipboard-check&quot;},&quot;text&quot;:&quot;Normes strictes de s\\u00e9curit\\u00e9 alimentaire et formation continue des employ\\u00e9s&quot;,&quot;link&quot;:&quot;&quot;},{&quot;icon&quot;:{&quot;class&quot;:&quot;fa-solid fa-flask-vial&quot;},&quot;text&quot;:&quot;Produits rigoureusement test\\u00e9s en laboratoire et sur le march\\u00e9&quot;,&quot;link&quot;:&quot;&quot;}],&quot;background&quot;:{&quot;color&quot;:&quot;var(--ast-global-color-5)&quot;},&quot;descColor&quot;:&quot;var(--ast-global-color-7)&quot;,&quot;listTextColor&quot;:&quot;var(--ast-global-color-7)&quot;,&quot;align&quot;:&quot;&quot;,&quot;isTitle&quot;:true,&quot;isDesc&quot;:true,&quot;isListLinkInNewTab&quot;:false,&quot;alignment&quot;:&quot;center&quot;,&quot;position&quot;:&quot;left&quot;,&quot;width&quot;:&quot;600px&quot;,&quot;padding&quot;:{&quot;vertical&quot;:&quot;30px&quot;,&quot;horizontal&quot;:&quot;25px&quot;},&quot;border&quot;:[],&quot;shadow&quot;:{&quot;blur&quot;:&quot;10px&quot;,&quot;color&quot;:&quot;#4527a480&quot;},&quot;headerMargin&quot;:{&quot;side&quot;:4,&quot;bottom&quot;:&quot;30px&quot;},&quot;titleTypo&quot;:{&quot;fontSize&quot;:{&quot;desktop&quot;:30,&quot;tablet&quot;:26,&quot;mobile&quot;:22},&quot;fontWeight&quot;:700,&quot;textTransform&quot;:&quot;uppercase&quot;},&quot;titleColor&quot;:&quot;#4527a4&quot;,&quot;descTypo&quot;:{&quot;fontSize&quot;:{&quot;desktop&quot;:18,&quot;tablet&quot;:17,&quot;mobile&quot;:16},&quot;fontWeight&quot;:500},&quot;descriptionTypo&quot;:{&quot;fontSize&quot;:{&quot;desktop&quot;:15,&quot;tablet&quot;:15,&quot;mobile&quot;:15}},&quot;descriptionColor&quot;:&quot;#828282&quot;,&quot;isHeaderSep&quot;:true,&quot;themeOptions&quot;:{&quot;rightIconColor&quot;:&quot;#4527A4&quot;,&quot;isBadge&quot;:true,&quot;isUrlIcon&quot;:false,&quot;isButton&quot;:true,&quot;isMaxWidth&quot;:true},&quot;iconUploadButton&quot;:{&quot;setIconUpload&quot;:&quot;select&quot;},&quot;columns&quot;:{&quot;desktop&quot;:2,&quot;tablet&quot;:2,&quot;mobile&quot;:1},&quot;columnGap&quot;:15,&quot;rowGap&quot;:15,&quot;headerSep&quot;:{&quot;width&quot;:&quot;20%&quot;,&quot;height&quot;:&quot;2px&quot;,&quot;style&quot;:&quot;solid&quot;,&quot;color&quot;:&quot;#828282&quot;},&quot;listIconSize&quot;:22,&quot;uploadListIconSize&quot;:36,&quot;listIconColors&quot;:{&quot;color&quot;:&quot;#fff&quot;,&quot;bg&quot;:&quot;#4527A4&quot;},&quot;theme6Styles&quot;:{&quot;color&quot;:&quot;#fff&quot;,&quot;bg&quot;:&quot;#059669&quot;},&quot;singleIconColor&quot;:{&quot;color&quot;:&quot;#059669&quot;,&quot;animateColor&quot;:&quot;linear-gradient(135deg, #3b82f6, #8b5cf6)&quot;},&quot;listTextTypo&quot;:{&quot;fontSize&quot;:{&quot;desktop&quot;:18,&quot;tablet&quot;:15,&quot;mobile&quot;:15}},&quot;themes&quot;:{&quot;theme&quot;:&quot;default&quot;},&quot;featureTitle&quot;:&quot;Our Features&quot;,&quot;featureTypo&quot;:{&quot;fontSize&quot;:{&quot;desktop&quot;:30,&quot;tablet&quot;:26,&quot;mobile&quot;:22}},&quot;badgeStyles&quot;:{&quot;color&quot;:&quot;#fff&quot;,&quot;bg&quot;:&quot;#4527A4&quot;},&quot;badgeTextTypo&quot;:{&quot;fontSize&quot;:{&quot;desktop&quot;:14,&quot;tablet&quot;:12,&quot;mobile&quot;:10}},&quot;listItemsBgColor&quot;:{&quot;color&quot;:&quot;#0000&quot;},&quot;theme5Styles&quot;:{&quot;iconPulsColor&quot;:&quot;linear-gradient(135deg, #3b82f6, #8b5cf6)&quot;,&quot;iconBgBlur&quot;:&quot;linear-gradient(135deg, #3b82f6, #8b5cf6)&quot;},&quot;TrpContentRestriction&quot;:{&quot;restriction_type&quot;:&quot;exclude&quot;,&quot;selected_languages&quot;:[],&quot;panel_open&quot;:true}}' data-ispremium=\"0\">\r\n<\/div><\/div><\/div>\n\n\n\n<p><\/p>\n\n\n\n<p><\/p>\n\n\n\n<p><\/p>\n\n\n\n<p><\/p>\n\n\n\n<p><\/p>\n","protected":false},"excerpt":{"rendered":"","protected":false},"author":1,"featured_media":0,"parent":0,"menu_order":0,"comment_status":"closed","ping_status":"closed","template":"","meta":{"site-sidebar-layout":"default","site-content-layout":"","ast-site-content-layout":"","site-content-style":"default","site-sidebar-style":"default","ast-global-header-display":"","ast-banner-title-visibility":"","ast-main-header-display":"","ast-hfb-above-header-display":"","ast-hfb-below-header-display":"","ast-hfb-mobile-header-display":"","site-post-title":"disabled","ast-breadcrumbs-content":"","ast-featured-img":"","footer-sml-layout":"","theme-transparent-header-meta":"","adv-header-id-meta":"","stick-header-meta":"","header-above-stick-meta":"","header-main-stick-meta":"","header-below-stick-meta":"","astra-migrate-meta-layouts":"default","ast-page-background-enabled":"default","ast-page-background-meta":{"desktop":{"background-color":"var(--ast-global-color-4)","background-image":"","background-repeat":"repeat","background-position":"center center","background-size":"auto","background-attachment":"scroll","background-type":"","background-media":"","overlay-type":"","overlay-color":"","overlay-opacity":"","overlay-gradient":""},"tablet":{"background-color":"","background-image":"","background-repeat":"repeat","background-position":"center center","background-size":"auto","background-attachment":"scroll","background-type":"","background-media":"","overlay-type":"","overlay-color":"","overlay-opacity":"","overlay-gradient":""},"mobile":{"background-color":"","background-image":"","background-repeat":"repeat","background-position":"center center","background-size":"auto","background-attachment":"scroll","background-type":"","background-media":"","overlay-type":"","overlay-color":"","overlay-opacity":"","overlay-gradient":""}},"ast-content-background-meta":{"desktop":{"background-color":"var(--ast-global-color-5)","background-image":"","background-repeat":"repeat","background-position":"center center","background-size":"auto","background-attachment":"scroll","background-type":"","background-media":"","overlay-type":"","overlay-color":"","overlay-opacity":"","overlay-gradient":""},"tablet":{"background-color":"var(--ast-global-color-5)","background-image":"","background-repeat":"repeat","background-position":"center center","background-size":"auto","background-attachment":"scroll","background-type":"","background-media":"","overlay-type":"","overlay-color":"","overlay-opacity":"","overlay-gradient":""},"mobile":{"background-color":"var(--ast-global-color-5)","background-image":"","background-repeat":"repeat","background-position":"center center","background-size":"auto","background-attachment":"scroll","background-type":"","background-media":"","overlay-type":"","overlay-color":"","overlay-opacity":"","overlay-gradient":""}},"footnotes":""},"class_list":["post-435","page","type-page","status-publish","hentry"],"_links":{"self":[{"href":"https:\/\/www.bullebleue.ca\/en\/wp-json\/wp\/v2\/pages\/435","targetHints":{"allow":["GET"]}}],"collection":[{"href":"https:\/\/www.bullebleue.ca\/en\/wp-json\/wp\/v2\/pages"}],"about":[{"href":"https:\/\/www.bullebleue.ca\/en\/wp-json\/wp\/v2\/types\/page"}],"author":[{"embeddable":true,"href":"https:\/\/www.bullebleue.ca\/en\/wp-json\/wp\/v2\/users\/1"}],"replies":[{"embeddable":true,"href":"https:\/\/www.bullebleue.ca\/en\/wp-json\/wp\/v2\/comments?post=435"}],"version-history":[{"count":10,"href":"https:\/\/www.bullebleue.ca\/en\/wp-json\/wp\/v2\/pages\/435\/revisions"}],"predecessor-version":[{"id":3090,"href":"https:\/\/www.bullebleue.ca\/en\/wp-json\/wp\/v2\/pages\/435\/revisions\/3090"}],"wp:attachment":[{"href":"https:\/\/www.bullebleue.ca\/en\/wp-json\/wp\/v2\/media?parent=435"}],"curies":[{"name":"wp","href":"https:\/\/api.w.org\/{rel}","templated":true}]}}