{"id":437,"date":"2024-10-25T18:14:57","date_gmt":"2024-10-25T18:14:57","guid":{"rendered":"https:\/\/www.bullebleue.ca\/?page_id=437"},"modified":"2024-11-11T17:50:21","modified_gmt":"2024-11-11T17:50:21","slug":"carrieres","status":"publish","type":"page","link":"https:\/\/www.bullebleue.ca\/en\/carrieres\/","title":{"rendered":"Careers"},"content":{"rendered":"<div class=\"wp-block-group alignfull is-layout-constrained wp-block-group-is-layout-constrained\">\n<div class=\"wp-block-media-text alignfull has-media-on-the-right is-stacked-on-mobile is-vertically-aligned-center has-luminous-vivid-amber-color has-ast-global-color-5-background-color has-text-color has-background has-link-color wp-elements-e4984117bc393b3e10225f5646231fbc\" style=\"grid-template-columns:auto 47%\"><div class=\"wp-block-media-text__content\">\n<h1 class=\"wp-block-heading has-text-align-left has-ast-global-color-7-color has-text-color has-large-font-size\"><strong>Be part of the team!<\/strong><\/h1>\n\n\n\n<p class=\"has-text-align-left has-ast-global-color-7-color has-text-color has-link-color has-extra-small-font-size wp-elements-014c725e9d2820f16eb7927478a0fb0e\">Our production team benefits from advantageous working conditions. <\/p>\n\n\n\n<p class=\"has-text-align-left has-ast-global-color-7-color has-text-color has-link-color has-extra-small-font-size wp-elements-3983f78f076e980280e42515c266023b\"> We believe in working in a pleasant and friendly atmosphere, where everyone gives their best.&nbsp;<\/p>\n\n\n\n<p class=\"has-text-align-left has-ast-global-color-7-color has-text-color has-link-color has-extra-small-font-size wp-elements-196882e0ecbc9b0b35facdd776e6e57c\">We accept spontaneous applications. <\/p>\n\n\n\n<div class=\"wp-block-buttons is-content-justification-left is-layout-flex wp-container-core-buttons-is-layout-fc4fd283 wp-block-buttons-is-layout-flex\">\n<div class=\"wp-block-button\"><a class=\"wp-block-button__link has-luminous-vivid-amber-background-color has-background wp-element-button\" href=\"mailto:gabriellegirard@bullebleue.ca\">Send us your resume<\/a><\/div>\n<\/div>\n<\/div><figure class=\"wp-block-media-text__media\"><img loading=\"lazy\" decoding=\"async\" width=\"860\" height=\"1024\" src=\"https:\/\/www.bullebleue.ca\/wp-content\/uploads\/2024\/10\/GVPsweets-Icone-860x1024.png\" alt=\"Bulle Bleue, fabriquant de th\u00e9 aux perles au Qu\u00e9bec\" class=\"wp-image-664 size-full\" srcset=\"https:\/\/www.bullebleue.ca\/wp-content\/uploads\/2024\/10\/GVPsweets-Icone-860x1024.png 860w, https:\/\/www.bullebleue.ca\/wp-content\/uploads\/2024\/10\/GVPsweets-Icone-252x300.png 252w, https:\/\/www.bullebleue.ca\/wp-content\/uploads\/2024\/10\/GVPsweets-Icone-768x915.png 768w, https:\/\/www.bullebleue.ca\/wp-content\/uploads\/2024\/10\/GVPsweets-Icone-1289x1536.png 1289w, https:\/\/www.bullebleue.ca\/wp-content\/uploads\/2024\/10\/GVPsweets-Icone-1719x2048.png 1719w, https:\/\/www.bullebleue.ca\/wp-content\/uploads\/2024\/10\/GVPsweets-Icone.png 1835w\" sizes=\"auto, (max-width: 860px) 100vw, 860px\" \/><\/figure><\/div>\n<\/div>","protected":false},"excerpt":{"rendered":"<p>Rejoignez notre \u00e9quipe! Notre \u00e9quipe de production b\u00e9n\u00e9ficie de conditions de travail avantageuses. Nous croyons au travail dans une atmosph\u00e8re [&hellip;]<\/p>\n","protected":false},"author":1,"featured_media":0,"parent":0,"menu_order":0,"comment_status":"closed","ping_status":"closed","template":"","meta":{"site-sidebar-layout":"default","site-content-layout":"","ast-site-content-layout":"","site-content-style":"default","site-sidebar-style":"default","ast-global-header-display":"","ast-banner-title-visibility":"","ast-main-header-display":"","ast-hfb-above-header-display":"","ast-hfb-below-header-display":"","ast-hfb-mobile-header-display":"","site-post-title":"disabled","ast-breadcrumbs-content":"","ast-featured-img":"","footer-sml-layout":"","theme-transparent-header-meta":"","adv-header-id-meta":"","stick-header-meta":"","header-above-stick-meta":"","header-main-stick-meta":"","header-below-stick-meta":"","astra-migrate-meta-layouts":"default","ast-page-background-enabled":"default","ast-page-background-meta":{"desktop":{"background-color":"var(--ast-global-color-4)","background-image":"","background-repeat":"repeat","background-position":"center center","background-size":"auto","background-attachment":"scroll","background-type":"","background-media":"","overlay-type":"","overlay-color":"","overlay-opacity":"","overlay-gradient":""},"tablet":{"background-color":"","background-image":"","background-repeat":"repeat","background-position":"center center","background-size":"auto","background-attachment":"scroll","background-type":"","background-media":"","overlay-type":"","overlay-color":"","overlay-opacity":"","overlay-gradient":""},"mobile":{"background-color":"","background-image":"","background-repeat":"repeat","background-position":"center center","background-size":"auto","background-attachment":"scroll","background-type":"","background-media":"","overlay-type":"","overlay-color":"","overlay-opacity":"","overlay-gradient":""}},"ast-content-background-meta":{"desktop":{"background-color":"var(--ast-global-color-5)","background-image":"","background-repeat":"repeat","background-position":"center center","background-size":"auto","background-attachment":"scroll","background-type":"","background-media":"","overlay-type":"","overlay-color":"","overlay-opacity":"","overlay-gradient":""},"tablet":{"background-color":"var(--ast-global-color-5)","background-image":"","background-repeat":"repeat","background-position":"center center","background-size":"auto","background-attachment":"scroll","background-type":"","background-media":"","overlay-type":"","overlay-color":"","overlay-opacity":"","overlay-gradient":""},"mobile":{"background-color":"var(--ast-global-color-5)","background-image":"","background-repeat":"repeat","background-position":"center center","background-size":"auto","background-attachment":"scroll","background-type":"","background-media":"","overlay-type":"","overlay-color":"","overlay-opacity":"","overlay-gradient":""}},"footnotes":""},"class_list":["post-437","page","type-page","status-publish","hentry"],"_links":{"self":[{"href":"https:\/\/www.bullebleue.ca\/en\/wp-json\/wp\/v2\/pages\/437","targetHints":{"allow":["GET"]}}],"collection":[{"href":"https:\/\/www.bullebleue.ca\/en\/wp-json\/wp\/v2\/pages"}],"about":[{"href":"https:\/\/www.bullebleue.ca\/en\/wp-json\/wp\/v2\/types\/page"}],"author":[{"embeddable":true,"href":"https:\/\/www.bullebleue.ca\/en\/wp-json\/wp\/v2\/users\/1"}],"replies":[{"embeddable":true,"href":"https:\/\/www.bullebleue.ca\/en\/wp-json\/wp\/v2\/comments?post=437"}],"version-history":[{"count":6,"href":"https:\/\/www.bullebleue.ca\/en\/wp-json\/wp\/v2\/pages\/437\/revisions"}],"predecessor-version":[{"id":1251,"href":"https:\/\/www.bullebleue.ca\/en\/wp-json\/wp\/v2\/pages\/437\/revisions\/1251"}],"wp:attachment":[{"href":"https:\/\/www.bullebleue.ca\/en\/wp-json\/wp\/v2\/media?parent=437"}],"curies":[{"name":"wp","href":"https:\/\/api.w.org\/{rel}","templated":true}]}}